
{"id":9001,"date":"2022-08-12T10:06:22","date_gmt":"2022-08-12T08:06:22","guid":{"rendered":"https:\/\/fichtelbergerblick.de\/?page_id=9001"},"modified":"2022-09-29T16:15:28","modified_gmt":"2022-09-29T14:15:28","slug":"agb","status":"publish","type":"page","link":"https:\/\/fichtelbergerblick.de\/es\/agb\/","title":{"rendered":"AGB"},"content":{"rendered":"<div data-elementor-type=\"wp-page\" data-elementor-id=\"9001\" class=\"elementor elementor-9001\" data-elementor-post-type=\"page\">\n\t\t\t\t\t\t<section class=\"elementor-section elementor-top-section elementor-element elementor-element-18ecbd7 elementor-section-boxed elementor-section-height-default elementor-section-height-default\" data-id=\"18ecbd7\" data-element_type=\"section\" data-e-type=\"section\">\n\t\t\t\t\t\t<div class=\"elementor-container elementor-column-gap-default\">\n\t\t\t\t\t<div class=\"elementor-column elementor-col-100 elementor-top-column elementor-element elementor-element-e2fde56\" data-id=\"e2fde56\" data-element_type=\"column\" data-e-type=\"column\">\n\t\t\t<div class=\"elementor-widget-wrap elementor-element-populated\">\n\t\t\t\t\t\t<div class=\"elementor-element elementor-element-035589a elementor-widget elementor-widget-heading\" data-id=\"035589a\" data-element_type=\"widget\" data-e-type=\"widget\" data-widget_type=\"heading.default\">\n\t\t\t\t<div class=\"elementor-widget-container\">\n\t\t\t\t\t<h2 class=\"elementor-heading-title elementor-size-default\">Pie de imprenta<\/h2>\t\t\t\t<\/div>\n\t\t\t\t<\/div>\n\t\t\t\t\t<\/div>\n\t\t<\/div>\n\t\t\t\t\t<\/div>\n\t\t<\/section>\n\t\t\t\t<section class=\"elementor-section elementor-top-section elementor-element elementor-element-b9de2fc elementor-section-boxed elementor-section-height-default elementor-section-height-default\" data-id=\"b9de2fc\" data-element_type=\"section\" data-e-type=\"section\">\n\t\t\t\t\t\t<div class=\"elementor-container elementor-column-gap-default\">\n\t\t\t\t\t<div class=\"elementor-column elementor-col-100 elementor-top-column elementor-element elementor-element-b9a6a35\" data-id=\"b9a6a35\" data-element_type=\"column\" data-e-type=\"column\">\n\t\t\t<div class=\"elementor-widget-wrap elementor-element-populated\">\n\t\t\t\t\t\t<div class=\"elementor-element elementor-element-83fcfb5 elementor-widget elementor-widget-heading\" data-id=\"83fcfb5\" data-element_type=\"widget\" data-e-type=\"widget\" data-widget_type=\"heading.default\">\n\t\t\t\t<div class=\"elementor-widget-container\">\n\t\t\t\t\t<h2 class=\"elementor-heading-title elementor-size-default\">AGB - Condiciones generales<\/h2>\t\t\t\t<\/div>\n\t\t\t\t<\/div>\n\t\t\t\t<div class=\"elementor-element elementor-element-f05c467 elementor-widget elementor-widget-text-editor\" data-id=\"f05c467\" data-element_type=\"widget\" data-e-type=\"widget\" data-widget_type=\"text-editor.default\">\n\t\t\t\t<div class=\"elementor-widget-container\">\n\t\t\t\t\t\t\t\t\t<h2>\u00a0<\/h2><div class=\"row\"><div class=\"col-md-12 col-sm-12\"><p>Las siguientes condiciones se aplican al alquiler de pisos (pisos de vacaciones) por parte de Apartments Fichtelberger Blick Inh. Chemnitzer Wohnbau Projekt GmbH. Regulan la relaci\u00f3n jur\u00eddica entre el cliente\/hu\u00e9sped, en lo sucesivo tambi\u00e9n denominado inquilino, y Apartments Fichtelberger Blick, en lo sucesivo tambi\u00e9n denominado arrendador. No se aplicar\u00e1n las condiciones del cliente que se aparten de estas CGC.<\/p><p>\u00a0<\/p><p><strong>\u00a7 1 Celebraci\u00f3n del contrato\/confirmaci\u00f3n de la reserva<\/strong><\/p><p>Al rellenar los campos de informaci\u00f3n y completar el proceso de reserva, el cliente hace una oferta vinculante a Apartments Fichtelberger Blick para concluir un contrato de un apartamento de vacaciones. La oferta puede hacerse por escrito, verbalmente o por medios electr\u00f3nicos (Internet). El cliente tambi\u00e9n es responsable de todos los participantes que figuran en la oferta, as\u00ed como de sus propias obligaciones.<\/p><p>El propietario se reserva el derecho de aceptar la oferta. Si el arrendador confirma la reserva al inquilino por escrito, por correo electr\u00f3nico o de cualquier otra manera, se celebra un contrato de alquiler del apartamento de vacaciones solicitado con la reserva entre el inquilino y el arrendador Apartments Fichtelberger Blick.<\/p><p>El cliente\/arrendatario se compromete a comprobar inmediatamente la exactitud de la confirmaci\u00f3n de la reserva recibida y, en su caso, a notificar al arrendador cualquier inexactitud o discrepancia. Cualquier indicaci\u00f3n de inexactitudes o discrepancias hecha despu\u00e9s de la expiraci\u00f3n de un per\u00edodo de tres d\u00edas despu\u00e9s de la recepci\u00f3n de la confirmaci\u00f3n de la reserva ya no puede ser tenida en cuenta. En particular, la notificaci\u00f3n tard\u00eda de inexactitudes o discrepancias no dar\u00e1 derecho al arrendatario a rescindir el contrato.<\/p><p><strong>\u00a7 2 Condiciones de pago<\/strong><\/p><p>El pago se realizar\u00e1 a la conclusi\u00f3n del contrato y tras la entrega de la factura.<\/p><p>El pago puede realizarse mediante transferencia bancaria, domiciliaci\u00f3n bancaria o pago en efectivo in situ. La domiciliaci\u00f3n bancaria s\u00f3lo es posible desde una cuenta abierta en un banco de Alemania. Los datos personales enviados, como el nombre, la direcci\u00f3n y, en su caso, el n\u00famero de la tarjeta de cr\u00e9dito, el c\u00f3digo bancario y el n\u00famero de cuenta, se encriptan mediante tecnolog\u00eda SSL.<\/p><p><strong>\u00a7 3 Llegada y salida<\/strong><\/p><p>El d\u00eda de llegada, el inquilino podr\u00e1 instalarse en el apartamento como muy pronto a las 14.00 horas. En caso de retraso en la llegada por parte del inquilino, \u00e9ste deber\u00e1 informar a Apartments Fichtelberger Blick con la debida antelaci\u00f3n. Si el inquilino no ha llegado ni se ha registrado antes de las 20:00 horas, Apartments Fichtelberger Blick tiene derecho a liberar la vivienda alquilada para su alquiler posterior con el fin de minimizar los da\u00f1os. En general, nos complacer\u00eda mucho que nos comunicaran la hora aproximada de su llegada y\/o su n\u00famero de tel\u00e9fono m\u00f3vil<\/p><p>El piso s\u00f3lo puede ser utilizado por las personas que figuran en la reserva. En caso de que el piso sea utilizado por m\u00e1s personas de las acordadas, se deber\u00e1 pagar una tarifa aparte por \u00e9stas.<\/p><p>El d\u00eda de la salida, salvo acuerdo en contrario, el piso debe ponerse a disposici\u00f3n del propietario antes de las 11.00 horas y devolver la llave. El piso debe devolverse en un estado acorde con el contrato, lo que incluye, en particular, que la vajilla usada se lave y que la basura (incluidos los materiales reciclables como el pl\u00e1stico, el papel o el vidrio usado) se retire del piso. El frigor\u00edfico debe estar vac\u00edo de las pertenencias del inquilino cuando se entregue.<\/p><p>La basura debe depositarse en los cubos de basura previstos.<\/p><p>El d\u00eda de la salida, se revisar\u00e1 el piso y en caso de da\u00f1os en el inventario o en el piso, el propietario se reserva el derecho de reclamar los da\u00f1os.<\/p><p>Si el inquilino tiene un seguro de responsabilidad civil, hay que comunicar los da\u00f1os al propietario y a la compa\u00f1\u00eda de seguros para liquidar el seguro. El propietario tambi\u00e9n debe ser informado del nombre, la direcci\u00f3n y el n\u00famero de seguro de la compa\u00f1\u00eda de seguros.<\/p><p><strong>\u00a7 4 Animales<\/strong><\/p><\/div><div class=\"col-md-12 col-sm-12\"><p>S\u00f3lo es posible traer animales de compa\u00f1\u00eda previo acuerdo con el propietario. El propietario puede cobrar una cuota extra por acoger a una mascota. No se puede dejar a las mascotas en los muebles tapizados ni en las camas. El propietario de la mascota o el inquilino son responsables de la suciedad y los da\u00f1os.<\/p><p><strong>\u00a7 5 Retirada del cliente, gastos de anulaci\u00f3n<\/strong><\/p><p>a) El desistimiento del inquilino del contrato celebrado con el arrendador debe comunicarse por escrito. Si no lo hace, deber\u00e1 pagar el precio acordado en el contrato aunque el inquilino no haya hecho uso de los servicios. Esto no se aplicar\u00e1 en los casos de incumplimiento por parte del arrendador o de una imposibilidad de cumplimiento de la que sea responsable el arrendador.<\/p><p>b) Si se ha acordado por escrito entre el arrendador y el arrendatario una fecha de rescisi\u00f3n del contrato, el cliente podr\u00e1 rescindir el contrato hasta esa fecha sin que ello d\u00e9 lugar a reclamaciones de pago o de da\u00f1os y perjuicios. El derecho de desistimiento del Arrendatario expirar\u00e1 si no ejerce su derecho por escrito en la fecha acordada.<\/p><p>c) En el caso de los pisos no utilizados por el cliente, el arrendador acreditar\u00e1 los ingresos procedentes de otros alquileres, as\u00ed como los gastos ahorrados.<\/p><p>d) El arrendador tiene la libertad de sumar los da\u00f1os sufridos por ella. En ese caso, el cliente est\u00e1 obligado a pagar 80% del precio acordado por contrato para la pernoctaci\u00f3n.<\/p><p>e) Los gastos de anulaci\u00f3n se escalonan de la siguiente manera:<\/p><p>En temporada baja, de abril a noviembre inclusive:<\/p><p>Anulaci\u00f3n entre 3 y 7 d\u00edas antes de la salida 20 % del precio total.<\/p><p>De 1 a 3 d\u00edas antes de la salida o si no se presenta 50 % del precio total<\/p><p>En la temporada de invierno, de diciembre a marzo inclusive:<\/p><p>Cancelaci\u00f3n entre 21 y 15 d\u00edas antes de la salida 20 % del precio total.<\/p><p>Dentro de los 14 d\u00edas anteriores a la salida o si no se presenta 70 % del precio total<\/p><p><strong>\u00a7 6 Derecho de desistimiento del arrendador<\/strong><\/p><p>En caso de retirada por parte del arrendador como consecuencia de fuerza mayor u otras circunstancias imprevisibles (como accidente o enfermedad de los anfitriones), as\u00ed como otras circunstancias de las que el arrendador no es responsable y que hacen imposible el cumplimiento; la responsabilidad se limita al reembolso de los gastos. En caso de desistimiento justificado, el cliente no tendr\u00e1 derecho a indemnizaci\u00f3n - no se asumir\u00e1 ninguna responsabilidad por los gastos de viaje y hotel. Tras el inicio del periodo de alquiler, el arrendador puede rescindir el contrato sin previo aviso si el inquilino causa molestias duraderas a otros inquilinos a pesar de una advertencia o se comporta de forma contraria al contrato hasta el punto de que se justifica la rescisi\u00f3n inmediata del contrato de alquiler. No se podr\u00e1 reclamar legalmente el reembolso del alquiler o la indemnizaci\u00f3n. El inquilino acepta las condiciones generales del apartamento Fichtelberger Blick, as\u00ed como el reglamento de la casa, en la medida en que pertenecen al objeto del alquiler. La declaraci\u00f3n de consentimiento se realiza con el pago o la confirmaci\u00f3n del propietario sobre la reserva.<\/p><p>En caso de infracci\u00f3n de las CGV o de las normas de la casa y otros motivos mencionados en estas CGV, el arrendador (Fichtelberger Blick) tiene derecho a rescindir la relaci\u00f3n de alquiler inmediatamente y sin previo aviso. No se puede reclamar legalmente el reembolso del alquiler o una indemnizaci\u00f3n.<\/p><p><strong>\u00a7 7 Cl\u00e1usula de salvedad<\/strong><\/p><p>En caso de que alguna de las disposiciones de las presentes Condiciones Generales sea o llegue a ser inv\u00e1lida o nula, la validez del resto de las disposiciones no se ver\u00e1 afectada por ello y ser\u00e1n sustituidas por la disposici\u00f3n que m\u00e1s se aproxime en esp\u00edritu y t\u00e9rminos econ\u00f3micos.<\/p><p><strong>\u00a7 8 Generalidades<\/strong><\/p><p>El cliente est\u00e1 de acuerdo con el tratamiento de sus datos en la medida en que \u00e9ste se encuentre dentro del \u00e1mbito de la finalidad de la relaci\u00f3n jur\u00eddica.<\/p><p>Por favor, tenga en cuenta que todos nuestros pisos de vacaciones son para no fumadores, en caso de infracci\u00f3n cobramos una tasa de 70,00 Euro. S\u00f3lo se permite fumar fuera de los edificios o en los balcones.<\/p><p>El arrendador no se hace responsable de la p\u00e9rdida o los da\u00f1os de cualquier tipo que sufran los objetos introducidos, incluidos los coches.<\/p><p>El inquilino no puede reclamar da\u00f1os y perjuicios si el piso no est\u00e1 disponible excepcionalmente a las 14.00 horas.<\/p><p>La reparaci\u00f3n de las llaves da\u00f1adas o la sustituci\u00f3n de las llaves perdidas se cobrar\u00e1 por un importe de 100 euros.<\/p><p>El impuesto de estancia debe pagarse a la administraci\u00f3n de la ciudad balnearia de Oberwiesenthal a trav\u00e9s del arrendador.<\/p><p>Los cambios o adiciones al contrato o a estas condiciones deben hacerse por escrito. Las modificaciones o suplementos unilaterales por parte del hu\u00e9sped no son v\u00e1lidos.<\/p><p>Estado: junio de 2017<\/p><\/div><\/div>\t\t\t\t\t\t\t\t<\/div>\n\t\t\t\t<\/div>\n\t\t\t\t\t<\/div>\n\t\t<\/div>\n\t\t\t\t\t<\/div>\n\t\t<\/section>\n\t\t\t\t<\/div>","protected":false},"excerpt":{"rendered":"<p>Impressum AGB &#8211; Allgemeine Gesch\u00e4ftsbedingungen &nbsp; F\u00fcr die Vermietung von Apartments (Ferienwohnungen) durch die Apartments Fichtelberger Blick Inh. Chemnitzer Wohnbau Projekt GmbH gelten die nachfolgenden Bedingungen. Sie regeln das Rechtsverh\u00e4ltnis zwischen dem Kunden\/Gast nachfolgend auch Mieter genannt und dem Apartments Fichtelberger Blick nachfolgend auch Vermieter genannt. Von diesen AGB abweichende Gesch\u00e4ftsbedingungen des Kunden finden keine [&hellip;]<\/p>\n","protected":false},"author":1,"featured_media":0,"parent":0,"menu_order":0,"comment_status":"closed","ping_status":"closed","template":"elementor_theme","meta":{"footnotes":""},"class_list":["post-9001","page","type-page","status-publish","hentry"],"yoast_head":"<!-- This site is optimized with the Yoast SEO plugin v27.2 - https:\/\/yoast.com\/product\/yoast-seo-wordpress\/ -->\n<title>AGB - Fichtelberger Blick<\/title>\n<meta name=\"description\" content=\"Durch die Apartments Fichtelberger Blick Inh. Chemnitzer Wohnbau Projekt GmbH gelten die nachfolgenden Bedingungen. Jetzt lesen!\" \/>\n<meta name=\"robots\" content=\"index, follow, max-snippet:-1, max-image-preview:large, max-video-preview:-1\" \/>\n<link rel=\"canonical\" href=\"https:\/\/fichtelbergerblick.de\/es\/agb\/\" \/>\n<meta property=\"og:locale\" content=\"es_ES\" \/>\n<meta property=\"og:type\" content=\"article\" \/>\n<meta property=\"og:title\" content=\"AGB - Fichtelberger Blick\" \/>\n<meta property=\"og:description\" content=\"Durch die Apartments Fichtelberger Blick Inh. Chemnitzer Wohnbau Projekt GmbH gelten die nachfolgenden Bedingungen. Jetzt lesen!\" \/>\n<meta property=\"og:url\" content=\"https:\/\/fichtelbergerblick.de\/es\/agb\/\" \/>\n<meta property=\"og:site_name\" content=\"Fichtelberger Blick\" \/>\n<meta property=\"article:modified_time\" content=\"2022-09-29T14:15:28+00:00\" \/>\n<meta name=\"twitter:card\" content=\"summary_large_image\" \/>\n<meta name=\"twitter:label1\" content=\"Tiempo de lectura\" \/>\n\t<meta name=\"twitter:data1\" content=\"6 minutos\" \/>\n<script type=\"application\/ld+json\" class=\"yoast-schema-graph\">{\"@context\":\"https:\/\/schema.org\",\"@graph\":[{\"@type\":\"WebPage\",\"@id\":\"https:\/\/fichtelbergerblick.de\/agb\/\",\"url\":\"https:\/\/fichtelbergerblick.de\/agb\/\",\"name\":\"AGB - Fichtelberger Blick\",\"isPartOf\":{\"@id\":\"https:\/\/fichtelbergerblick.de\/#website\"},\"datePublished\":\"2022-08-12T08:06:22+00:00\",\"dateModified\":\"2022-09-29T14:15:28+00:00\",\"description\":\"Durch die Apartments Fichtelberger Blick Inh. Chemnitzer Wohnbau Projekt GmbH gelten die nachfolgenden Bedingungen. Jetzt lesen!\",\"breadcrumb\":{\"@id\":\"https:\/\/fichtelbergerblick.de\/agb\/#breadcrumb\"},\"inLanguage\":\"es\",\"potentialAction\":[{\"@type\":\"ReadAction\",\"target\":[\"https:\/\/fichtelbergerblick.de\/agb\/\"]}]},{\"@type\":\"BreadcrumbList\",\"@id\":\"https:\/\/fichtelbergerblick.de\/agb\/#breadcrumb\",\"itemListElement\":[{\"@type\":\"ListItem\",\"position\":1,\"name\":\"Home\",\"item\":\"https:\/\/fichtelbergerblick.de\/\"},{\"@type\":\"ListItem\",\"position\":2,\"name\":\"AGB\"}]},{\"@type\":\"WebSite\",\"@id\":\"https:\/\/fichtelbergerblick.de\/#website\",\"url\":\"https:\/\/fichtelbergerblick.de\/\",\"name\":\"Fichtelberger Blick\",\"description\":\"\",\"publisher\":{\"@id\":\"https:\/\/fichtelbergerblick.de\/#organization\"},\"potentialAction\":[{\"@type\":\"SearchAction\",\"target\":{\"@type\":\"EntryPoint\",\"urlTemplate\":\"https:\/\/fichtelbergerblick.de\/?s={search_term_string}\"},\"query-input\":{\"@type\":\"PropertyValueSpecification\",\"valueRequired\":true,\"valueName\":\"search_term_string\"}}],\"inLanguage\":\"es\"},{\"@type\":\"Organization\",\"@id\":\"https:\/\/fichtelbergerblick.de\/#organization\",\"name\":\"Fichtelberger Blick\",\"url\":\"https:\/\/fichtelbergerblick.de\/\",\"logo\":{\"@type\":\"ImageObject\",\"inLanguage\":\"es\",\"@id\":\"https:\/\/fichtelbergerblick.de\/#\/schema\/logo\/image\/\",\"url\":\"https:\/\/fichtelbergerblick.de\/wp-content\/uploads\/2022\/08\/120_logo_bild_kl_black.png\",\"contentUrl\":\"https:\/\/fichtelbergerblick.de\/wp-content\/uploads\/2022\/08\/120_logo_bild_kl_black.png\",\"width\":182,\"height\":120,\"caption\":\"Fichtelberger Blick\"},\"image\":{\"@id\":\"https:\/\/fichtelbergerblick.de\/#\/schema\/logo\/image\/\"}}]}<\/script>\n<!-- \/ Yoast SEO plugin. -->","yoast_head_json":{"title":"AGB - Vista de Fichtelberg","description":"En los apartamentos Fichtelberger Blick Inh. Chemnitzer Wohnbau Projekt GmbH se aplican las siguientes condiciones. \u00a1Lee ahora!","robots":{"index":"index","follow":"follow","max-snippet":"max-snippet:-1","max-image-preview":"max-image-preview:large","max-video-preview":"max-video-preview:-1"},"canonical":"https:\/\/fichtelbergerblick.de\/es\/agb\/","og_locale":"es_ES","og_type":"article","og_title":"AGB - Fichtelberger Blick","og_description":"Durch die Apartments Fichtelberger Blick Inh. Chemnitzer Wohnbau Projekt GmbH gelten die nachfolgenden Bedingungen. Jetzt lesen!","og_url":"https:\/\/fichtelbergerblick.de\/es\/agb\/","og_site_name":"Fichtelberger Blick","article_modified_time":"2022-09-29T14:15:28+00:00","twitter_card":"summary_large_image","twitter_misc":{"Tiempo de lectura":"6 minutos"},"schema":{"@context":"https:\/\/schema.org","@graph":[{"@type":"WebPage","@id":"https:\/\/fichtelbergerblick.de\/agb\/","url":"https:\/\/fichtelbergerblick.de\/agb\/","name":"AGB - Vista de Fichtelberg","isPartOf":{"@id":"https:\/\/fichtelbergerblick.de\/#website"},"datePublished":"2022-08-12T08:06:22+00:00","dateModified":"2022-09-29T14:15:28+00:00","description":"En los apartamentos Fichtelberger Blick Inh. Chemnitzer Wohnbau Projekt GmbH se aplican las siguientes condiciones. \u00a1Lee ahora!","breadcrumb":{"@id":"https:\/\/fichtelbergerblick.de\/agb\/#breadcrumb"},"inLanguage":"es","potentialAction":[{"@type":"ReadAction","target":["https:\/\/fichtelbergerblick.de\/agb\/"]}]},{"@type":"BreadcrumbList","@id":"https:\/\/fichtelbergerblick.de\/agb\/#breadcrumb","itemListElement":[{"@type":"ListItem","position":1,"name":"Home","item":"https:\/\/fichtelbergerblick.de\/"},{"@type":"ListItem","position":2,"name":"AGB"}]},{"@type":"WebSite","@id":"https:\/\/fichtelbergerblick.de\/#website","url":"https:\/\/fichtelbergerblick.de\/","name":"Vista de Fichtelberg","description":"","publisher":{"@id":"https:\/\/fichtelbergerblick.de\/#organization"},"potentialAction":[{"@type":"SearchAction","target":{"@type":"EntryPoint","urlTemplate":"https:\/\/fichtelbergerblick.de\/?s={search_term_string}"},"query-input":{"@type":"PropertyValueSpecification","valueRequired":true,"valueName":"search_term_string"}}],"inLanguage":"es"},{"@type":"Organization","@id":"https:\/\/fichtelbergerblick.de\/#organization","name":"Vista de Fichtelberg","url":"https:\/\/fichtelbergerblick.de\/","logo":{"@type":"ImageObject","inLanguage":"es","@id":"https:\/\/fichtelbergerblick.de\/#\/schema\/logo\/image\/","url":"https:\/\/fichtelbergerblick.de\/wp-content\/uploads\/2022\/08\/120_logo_bild_kl_black.png","contentUrl":"https:\/\/fichtelbergerblick.de\/wp-content\/uploads\/2022\/08\/120_logo_bild_kl_black.png","width":182,"height":120,"caption":"Fichtelberger Blick"},"image":{"@id":"https:\/\/fichtelbergerblick.de\/#\/schema\/logo\/image\/"}}]}},"_links":{"self":[{"href":"https:\/\/fichtelbergerblick.de\/es\/wp-json\/wp\/v2\/pages\/9001","targetHints":{"allow":["GET"]}}],"collection":[{"href":"https:\/\/fichtelbergerblick.de\/es\/wp-json\/wp\/v2\/pages"}],"about":[{"href":"https:\/\/fichtelbergerblick.de\/es\/wp-json\/wp\/v2\/types\/page"}],"author":[{"embeddable":true,"href":"https:\/\/fichtelbergerblick.de\/es\/wp-json\/wp\/v2\/users\/1"}],"replies":[{"embeddable":true,"href":"https:\/\/fichtelbergerblick.de\/es\/wp-json\/wp\/v2\/comments?post=9001"}],"version-history":[{"count":0,"href":"https:\/\/fichtelbergerblick.de\/es\/wp-json\/wp\/v2\/pages\/9001\/revisions"}],"wp:attachment":[{"href":"https:\/\/fichtelbergerblick.de\/es\/wp-json\/wp\/v2\/media?parent=9001"}],"curies":[{"name":"wp","href":"https:\/\/api.w.org\/{rel}","templated":true}]}}