
{"id":2,"date":"2022-05-17T18:11:41","date_gmt":"2022-05-17T16:11:41","guid":{"rendered":"https:\/\/fichtelbergerblick.de\/?page_id=2"},"modified":"2022-05-17T18:11:41","modified_gmt":"2022-05-17T16:11:41","slug":"pagina-de-ejemplo","status":"publish","type":"page","link":"https:\/\/fichtelbergerblick.de\/es\/beispiel-seite\/","title":{"rendered":"P\u00e1gina de ejemplo"},"content":{"rendered":"<p>Esta es una p\u00e1gina de muestra. Es diferente de las entradas porque siempre permanece en el mismo lugar y (con la mayor\u00eda de los temas) se muestra en la navegaci\u00f3n del sitio web. La mayor\u00eda empiezan con un pie de imprenta, una pol\u00edtica de privacidad o una p\u00e1gina \"sobre nosotros\" para presentarse a los visitantes potenciales del sitio web. Podr\u00eda decir, por ejemplo:<\/p>\n\n\n\n<blockquote class=\"wp-block-quote is-layout-flow wp-block-quote-is-layout-flow\"><p>Hola, de d\u00eda trabajo como mensajero en bicicleta, de noche soy aspirante a actor y \u00e9sta es mi p\u00e1gina web. Vivo en Berl\u00edn, tengo un perro grande llamado Jack, me gustan las pi\u00f1as coladas pero menos que me dejen fuera bajo la lluvia (sin paraguas).<\/p><\/blockquote>\n\n\n\n<p>... o algo as\u00ed:<\/p>\n\n\n\n<blockquote class=\"wp-block-quote is-layout-flow wp-block-quote-is-layout-flow\"><p>La empresa XYZ se fund\u00f3 en 1971 y desde entonces ofrece al p\u00fablico productos de alta calidad. En su sede de una peque\u00f1a ciudad metropolitana, la empresa emplea a m\u00e1s de 2.000 personas y apoya a los residentes de la ciudad de muchas maneras.<\/p><\/blockquote>\n\n\n\n<p>Como nuevo usuario de WordPress deber\u00eda <a href=\"https:\/\/fichtelbergerblick.de\/wp-admin\/\">Su cuadro de mandos<\/a> para eliminar esta p\u00e1gina y crear nuevas p\u00e1ginas y entradas para su sitio web. \u00a1Que te diviertas!<\/p>\n\r\n<script><\/script>","protected":false},"excerpt":{"rendered":"<p>Dies ist eine Beispiel-Seite. Sie unterscheidet sich von Beitr\u00e4gen, da sie stets an derselben Stelle bleibt und (bei den meisten Themes) in der Website-Navigation angezeigt wird. Die meisten starten mit einem Impressum, der Datenschutzerkl\u00e4rung oder einer \u201e\u00dcber&nbsp;uns\u201c-Seite, um sich potenziellen Besuchern der Website vorzustellen. Dort k\u00f6nnte zum Beispiel stehen: Hallo! Tags\u00fcber arbeite ich als Fahrradkurier, [&hellip;]<\/p>\n","protected":false},"author":1,"featured_media":0,"parent":0,"menu_order":0,"comment_status":"closed","ping_status":"closed","template":"","meta":{"footnotes":""},"class_list":["post-2","page","type-page","status-publish","hentry"],"yoast_head":"<!-- This site is optimized with the Yoast SEO plugin v27.2 - https:\/\/yoast.com\/product\/yoast-seo-wordpress\/ -->\n<title>Beispiel-Seite - Fichtelberger Blick<\/title>\n<meta name=\"robots\" content=\"index, follow, max-snippet:-1, max-image-preview:large, max-video-preview:-1\" \/>\n<link rel=\"canonical\" href=\"https:\/\/fichtelbergerblick.de\/es\/pagina-de-ejemplo\/\" \/>\n<meta property=\"og:locale\" content=\"es_ES\" \/>\n<meta property=\"og:type\" content=\"article\" \/>\n<meta property=\"og:title\" content=\"Beispiel-Seite - Fichtelberger Blick\" \/>\n<meta property=\"og:description\" content=\"Dies ist eine Beispiel-Seite. Sie unterscheidet sich von Beitr\u00e4gen, da sie stets an derselben Stelle bleibt und (bei den meisten Themes) in der Website-Navigation angezeigt wird. Die meisten starten mit einem Impressum, der Datenschutzerkl\u00e4rung oder einer \u201e\u00dcber&nbsp;uns\u201c-Seite, um sich potenziellen Besuchern der Website vorzustellen. Dort k\u00f6nnte zum Beispiel stehen: Hallo! Tags\u00fcber arbeite ich als Fahrradkurier, [&hellip;]\" \/>\n<meta property=\"og:url\" content=\"https:\/\/fichtelbergerblick.de\/es\/pagina-de-ejemplo\/\" \/>\n<meta property=\"og:site_name\" content=\"Fichtelberger Blick\" \/>\n<meta name=\"twitter:card\" content=\"summary_large_image\" \/>\n<meta name=\"twitter:label1\" content=\"Tiempo de lectura\" \/>\n\t<meta name=\"twitter:data1\" content=\"1 minuto\" \/>\n<script type=\"application\/ld+json\" class=\"yoast-schema-graph\">{\"@context\":\"https:\/\/schema.org\",\"@graph\":[{\"@type\":\"WebPage\",\"@id\":\"https:\/\/fichtelbergerblick.de\/es\/beispiel-seite\/\",\"url\":\"https:\/\/fichtelbergerblick.de\/es\/beispiel-seite\/\",\"name\":\"Beispiel-Seite - Fichtelberger Blick\",\"isPartOf\":{\"@id\":\"https:\/\/fichtelbergerblick.de\/#website\"},\"datePublished\":\"2022-05-17T16:11:41+00:00\",\"breadcrumb\":{\"@id\":\"https:\/\/fichtelbergerblick.de\/es\/beispiel-seite\/#breadcrumb\"},\"inLanguage\":\"es\",\"potentialAction\":[{\"@type\":\"ReadAction\",\"target\":[\"https:\/\/fichtelbergerblick.de\/es\/beispiel-seite\/\"]}]},{\"@type\":\"BreadcrumbList\",\"@id\":\"https:\/\/fichtelbergerblick.de\/es\/beispiel-seite\/#breadcrumb\",\"itemListElement\":[{\"@type\":\"ListItem\",\"position\":1,\"name\":\"Home\",\"item\":\"https:\/\/fichtelbergerblick.de\/\"},{\"@type\":\"ListItem\",\"position\":2,\"name\":\"Beispiel-Seite\"}]},{\"@type\":\"WebSite\",\"@id\":\"https:\/\/fichtelbergerblick.de\/#website\",\"url\":\"https:\/\/fichtelbergerblick.de\/\",\"name\":\"Fichtelberger Blick\",\"description\":\"\",\"publisher\":{\"@id\":\"https:\/\/fichtelbergerblick.de\/#organization\"},\"potentialAction\":[{\"@type\":\"SearchAction\",\"target\":{\"@type\":\"EntryPoint\",\"urlTemplate\":\"https:\/\/fichtelbergerblick.de\/?s={search_term_string}\"},\"query-input\":{\"@type\":\"PropertyValueSpecification\",\"valueRequired\":true,\"valueName\":\"search_term_string\"}}],\"inLanguage\":\"es\"},{\"@type\":\"Organization\",\"@id\":\"https:\/\/fichtelbergerblick.de\/#organization\",\"name\":\"Fichtelberger Blick\",\"url\":\"https:\/\/fichtelbergerblick.de\/\",\"logo\":{\"@type\":\"ImageObject\",\"inLanguage\":\"es\",\"@id\":\"https:\/\/fichtelbergerblick.de\/#\/schema\/logo\/image\/\",\"url\":\"https:\/\/fichtelbergerblick.de\/wp-content\/uploads\/2022\/08\/120_logo_bild_kl_black.png\",\"contentUrl\":\"https:\/\/fichtelbergerblick.de\/wp-content\/uploads\/2022\/08\/120_logo_bild_kl_black.png\",\"width\":182,\"height\":120,\"caption\":\"Fichtelberger Blick\"},\"image\":{\"@id\":\"https:\/\/fichtelbergerblick.de\/#\/schema\/logo\/image\/\"}}]}<\/script>\n<!-- \/ Yoast SEO plugin. -->","yoast_head_json":{"title":"P\u00e1gina de ejemplo - Vista de Fichtelberg","robots":{"index":"index","follow":"follow","max-snippet":"max-snippet:-1","max-image-preview":"max-image-preview:large","max-video-preview":"max-video-preview:-1"},"canonical":"https:\/\/fichtelbergerblick.de\/es\/pagina-de-ejemplo\/","og_locale":"es_ES","og_type":"article","og_title":"Beispiel-Seite - Fichtelberger Blick","og_description":"Dies ist eine Beispiel-Seite. Sie unterscheidet sich von Beitr\u00e4gen, da sie stets an derselben Stelle bleibt und (bei den meisten Themes) in der Website-Navigation angezeigt wird. Die meisten starten mit einem Impressum, der Datenschutzerkl\u00e4rung oder einer \u201e\u00dcber&nbsp;uns\u201c-Seite, um sich potenziellen Besuchern der Website vorzustellen. Dort k\u00f6nnte zum Beispiel stehen: Hallo! Tags\u00fcber arbeite ich als Fahrradkurier, [&hellip;]","og_url":"https:\/\/fichtelbergerblick.de\/es\/pagina-de-ejemplo\/","og_site_name":"Fichtelberger Blick","twitter_card":"summary_large_image","twitter_misc":{"Tiempo de lectura":"1 minuto"},"schema":{"@context":"https:\/\/schema.org","@graph":[{"@type":"WebPage","@id":"https:\/\/fichtelbergerblick.de\/es\/beispiel-seite\/","url":"https:\/\/fichtelbergerblick.de\/es\/beispiel-seite\/","name":"P\u00e1gina de ejemplo - Vista de Fichtelberg","isPartOf":{"@id":"https:\/\/fichtelbergerblick.de\/#website"},"datePublished":"2022-05-17T16:11:41+00:00","breadcrumb":{"@id":"https:\/\/fichtelbergerblick.de\/es\/beispiel-seite\/#breadcrumb"},"inLanguage":"es","potentialAction":[{"@type":"ReadAction","target":["https:\/\/fichtelbergerblick.de\/es\/beispiel-seite\/"]}]},{"@type":"BreadcrumbList","@id":"https:\/\/fichtelbergerblick.de\/es\/beispiel-seite\/#breadcrumb","itemListElement":[{"@type":"ListItem","position":1,"name":"Home","item":"https:\/\/fichtelbergerblick.de\/"},{"@type":"ListItem","position":2,"name":"Beispiel-Seite"}]},{"@type":"WebSite","@id":"https:\/\/fichtelbergerblick.de\/#website","url":"https:\/\/fichtelbergerblick.de\/","name":"Vista de Fichtelberg","description":"","publisher":{"@id":"https:\/\/fichtelbergerblick.de\/#organization"},"potentialAction":[{"@type":"SearchAction","target":{"@type":"EntryPoint","urlTemplate":"https:\/\/fichtelbergerblick.de\/?s={search_term_string}"},"query-input":{"@type":"PropertyValueSpecification","valueRequired":true,"valueName":"search_term_string"}}],"inLanguage":"es"},{"@type":"Organization","@id":"https:\/\/fichtelbergerblick.de\/#organization","name":"Vista de Fichtelberg","url":"https:\/\/fichtelbergerblick.de\/","logo":{"@type":"ImageObject","inLanguage":"es","@id":"https:\/\/fichtelbergerblick.de\/#\/schema\/logo\/image\/","url":"https:\/\/fichtelbergerblick.de\/wp-content\/uploads\/2022\/08\/120_logo_bild_kl_black.png","contentUrl":"https:\/\/fichtelbergerblick.de\/wp-content\/uploads\/2022\/08\/120_logo_bild_kl_black.png","width":182,"height":120,"caption":"Fichtelberger Blick"},"image":{"@id":"https:\/\/fichtelbergerblick.de\/#\/schema\/logo\/image\/"}}]}},"_links":{"self":[{"href":"https:\/\/fichtelbergerblick.de\/es\/wp-json\/wp\/v2\/pages\/2","targetHints":{"allow":["GET"]}}],"collection":[{"href":"https:\/\/fichtelbergerblick.de\/es\/wp-json\/wp\/v2\/pages"}],"about":[{"href":"https:\/\/fichtelbergerblick.de\/es\/wp-json\/wp\/v2\/types\/page"}],"author":[{"embeddable":true,"href":"https:\/\/fichtelbergerblick.de\/es\/wp-json\/wp\/v2\/users\/1"}],"replies":[{"embeddable":true,"href":"https:\/\/fichtelbergerblick.de\/es\/wp-json\/wp\/v2\/comments?post=2"}],"version-history":[{"count":0,"href":"https:\/\/fichtelbergerblick.de\/es\/wp-json\/wp\/v2\/pages\/2\/revisions"}],"wp:attachment":[{"href":"https:\/\/fichtelbergerblick.de\/es\/wp-json\/wp\/v2\/media?parent=2"}],"curies":[{"name":"wp","href":"https:\/\/api.w.org\/{rel}","templated":true}]}}