
{"id":6086,"date":"2022-04-25T10:08:03","date_gmt":"2022-04-25T10:08:03","guid":{"rendered":"http:\/\/www.nicdarkthemes.com\/themes\/hotel-booking\/wp\/demo\/hotel\/?page_id=6086"},"modified":"2025-01-09T13:36:14","modified_gmt":"2025-01-09T12:36:14","slug":"home-6-2","status":"publish","type":"page","link":"https:\/\/fichtelbergerblick.de\/en\/","title":{"rendered":"Home 6"},"content":{"rendered":"\t\t<div data-elementor-type=\"wp-page\" data-elementor-id=\"6086\" class=\"elementor elementor-6086\" data-elementor-post-type=\"page\">\n\t\t\t\t\t\t<section class=\"elementor-section elementor-top-section elementor-element elementor-element-46a0f8d elementor-section-full_width elementor-section-stretched elementor-section-height-default elementor-section-height-default\" data-id=\"46a0f8d\" data-element_type=\"section\" data-e-type=\"section\" data-settings=\"{&quot;stretch_section&quot;:&quot;section-stretched&quot;}\">\n\t\t\t\t\t\t<div class=\"elementor-container elementor-column-gap-no\">\n\t\t\t\t\t<div class=\"elementor-column elementor-col-100 elementor-top-column elementor-element elementor-element-40092cc\" data-id=\"40092cc\" data-element_type=\"column\" data-e-type=\"column\">\n\t\t\t<div class=\"elementor-widget-wrap elementor-element-populated\">\n\t\t\t\t\t\t<div class=\"elementor-element elementor-element-ed6d4b0 elementor-pagination-position-outside elementor--h-position-center elementor--v-position-middle elementor-arrows-position-inside elementor-widget elementor-widget-slides\" data-id=\"ed6d4b0\" data-element_type=\"widget\" data-e-type=\"widget\" data-settings=\"{&quot;motion_fx_motion_fx_scrolling&quot;:&quot;yes&quot;,&quot;motion_fx_motion_fx_mouse&quot;:&quot;yes&quot;,&quot;navigation&quot;:&quot;both&quot;,&quot;autoplay&quot;:&quot;yes&quot;,&quot;pause_on_hover&quot;:&quot;yes&quot;,&quot;pause_on_interaction&quot;:&quot;yes&quot;,&quot;autoplay_speed&quot;:5000,&quot;infinite&quot;:&quot;yes&quot;,&quot;transition&quot;:&quot;slide&quot;,&quot;transition_speed&quot;:500,&quot;motion_fx_devices&quot;:[&quot;desktop&quot;,&quot;laptop&quot;,&quot;tablet&quot;,&quot;mobile&quot;]}\" data-widget_type=\"slides.default\">\n\t\t\t\t<div class=\"elementor-widget-container\">\n\t\t\t\t\t\t\t\t\t<div class=\"elementor-swiper\">\n\t\t\t\t\t<div class=\"elementor-slides-wrapper elementor-main-swiper swiper\" role=\"region\" aria-roledescription=\"carousel\" aria-label=\"Slides\" dir=\"ltr\" data-animation=\"fadeInLeft\">\n\t\t\t\t<div class=\"swiper-wrapper elementor-slides\">\n\t\t\t\t\t\t\t\t\t\t<div class=\"elementor-repeater-item-8dfe5a4 swiper-slide\" role=\"group\" aria-roledescription=\"slide\"><div class=\"swiper-slide-bg elementor-ken-burns elementor-ken-burns--in\" role=\"img\" aria-label=\"w1 (1)\"><\/div><div class=\"elementor-background-overlay\"><\/div><div class=\"swiper-slide-inner\" ><div class=\"swiper-slide-contents\"><div class=\"elementor-slide-heading\">Apartment Fichtelberger Blick<\/div><div class=\"elementor-slide-description\">Ein vielf\u00e4ltiges Angebot an sportlichen Aktivit\u00e4ten und Vieles mehr erwartet Sie in unserem Apartmenthaus im Kurort Oberwiesenthal.<\/div><a href=\"https:\/\/neo.cultbooking.com\/CPC\/?agentcode=58078&#038;hotelcode=57966&#038;token=5TJLF0UVM7Ow4Yjn2WdHOunc\" class=\"elementor-button elementor-slide-button elementor-size-xs\">Reservieren<\/a><\/div><\/div><\/div><div class=\"elementor-repeater-item-20ab94e swiper-slide\" role=\"group\" aria-roledescription=\"slide\"><div class=\"swiper-slide-bg elementor-ken-burns elementor-ken-burns--in\" role=\"img\" aria-label=\"5a-scaled (1)\"><\/div><div class=\"elementor-background-overlay\"><\/div><div class=\"swiper-slide-inner\" ><div class=\"swiper-slide-contents\"><div class=\"elementor-slide-heading\">Apart<wbr>ment<wbr>haus am Markt hei\u00dft Sie will<br>kommen!<\/div><div class=\"elementor-slide-description\">Ein angenehmer Aufenthalt im komfortablen Zimmer, optional mit Blick auf Fichtelberg. Eine perfekte Ausstattung, eine super Lage in unserer Region, nur 100 m von der Fichtelbergpiste entfernt.<\/div><a href=\"https:\/\/neo.cultbooking.com\/CPC\/?agentcode=58078&#038;hotelcode=57966&#038;token=5TJLF0UVM7Ow4Yjn2WdHOunc\" class=\"elementor-button elementor-slide-button elementor-size-xs\">Reservieren<\/a><\/div><\/div><\/div>\t\t\t\t<\/div>\n\t\t\t\t\t\t\t\t\t\t\t\t\t\t\t<div class=\"elementor-swiper-button elementor-swiper-button-prev\" role=\"button\" tabindex=\"0\" aria-label=\"Vorheriges Dia\">\n\t\t\t\t\t\t\t<i aria-hidden=\"true\" class=\"eicon-chevron-left\"><\/i>\t\t\t\t\t\t<\/div>\n\t\t\t\t\t\t<div class=\"elementor-swiper-button elementor-swiper-button-next\" role=\"button\" tabindex=\"0\" aria-label=\"N\u00e4chste Folie\">\n\t\t\t\t\t\t\t<i aria-hidden=\"true\" class=\"eicon-chevron-right\"><\/i>\t\t\t\t\t\t<\/div>\n\t\t\t\t\t\t\t\t\t\t\t\t\t\t\t\t<div class=\"swiper-pagination\"><\/div>\n\t\t\t\t\t\t\t\t\t\t\t\t<\/div>\n\t\t\t\t<\/div>\n\t\t\t\t\t\t\t\t<\/div>\n\t\t\t\t<\/div>\n\t\t\t\t\t<\/div>\n\t\t<\/div>\n\t\t\t\t\t<\/div>\n\t\t<\/section>\n\t\t\t\t<section class=\"elementor-section elementor-top-section elementor-element elementor-element-af75492 elementor-section-boxed elementor-section-height-default elementor-section-height-default\" data-id=\"af75492\" data-element_type=\"section\" data-e-type=\"section\">\n\t\t\t\t\t\t<div class=\"elementor-container elementor-column-gap-default\">\n\t\t\t\t\t<div class=\"elementor-column elementor-col-100 elementor-top-column elementor-element elementor-element-f19172b\" data-id=\"f19172b\" data-element_type=\"column\" data-e-type=\"column\">\n\t\t\t<div class=\"elementor-widget-wrap elementor-element-populated\">\n\t\t\t\t\t\t<div class=\"elementor-element elementor-element-faa20dd elementor-widget elementor-widget-spacer\" data-id=\"faa20dd\" data-element_type=\"widget\" data-e-type=\"widget\" data-widget_type=\"spacer.default\">\n\t\t\t\t<div class=\"elementor-widget-container\">\n\t\t\t\t\t\t\t<div class=\"elementor-spacer\">\n\t\t\t<div class=\"elementor-spacer-inner\"><\/div>\n\t\t<\/div>\n\t\t\t\t\t\t<\/div>\n\t\t\t\t<\/div>\n\t\t\t\t\t<\/div>\n\t\t<\/div>\n\t\t\t\t\t<\/div>\n\t\t<\/section>\n\t\t\t\t<section class=\"elementor-section elementor-top-section elementor-element elementor-element-8edd32a elementor-section-boxed elementor-section-height-default elementor-section-height-default\" data-id=\"8edd32a\" data-element_type=\"section\" data-e-type=\"section\">\n\t\t\t\t\t\t<div class=\"elementor-container elementor-column-gap-default\">\n\t\t\t\t\t<div class=\"elementor-column elementor-col-50 elementor-top-column elementor-element elementor-element-55650a4\" data-id=\"55650a4\" data-element_type=\"column\" data-e-type=\"column\">\n\t\t\t<div class=\"elementor-widget-wrap elementor-element-populated\">\n\t\t\t\t\t\t<div class=\"elementor-element elementor-element-9736059 elementor-widget elementor-widget-text-editor\" data-id=\"9736059\" data-element_type=\"widget\" data-e-type=\"widget\" data-widget_type=\"text-editor.default\">\n\t\t\t\t<div class=\"elementor-widget-container\">\n\t\t\t\t\t\t\t\t\t<p>Das Grundst\u00fcck ist ideal gelegen, da es sich in der Oberwiesenthaler Altstadt befindet, zentrumsnah, zugleich unweit der Talstation Fichtelbergschwebebahn, von Skih\u00e4ngen, Hotels und sonstigen tourismusad\u00e4quaten Einrichtungen.<\/p><p>Die Vierenstra\u00dfe dient wesentlich der Verbindung zwischen dem Stadtzentrum und diesen Einrichtungen.<\/p><p>Das bietet unseren G\u00e4sten den idealen Rahmen f\u00fcr einen erholsamen Aufenthalt, sowie die M\u00f6glichkeiten sportliche und gesunde Aktivit\u00e4ten in der umliegenden, einzigartigen Landschaft des Erzgebirges mit gro\u00dfr\u00e4umigen Wald- und Berggebieten zu unternehmen.<\/p><p>Der Kurort stellt eine ausgezeichnete M\u00f6glichkeit dar f\u00fcr die Urlaubsg\u00e4ste mit verschiedenen W\u00fcnschen, Interessen und Bed\u00fcrfnissen dar, dem stressigen Alltag der Metropole zu entfliehen, sich zu entspannen und ihren Hobbys gleichzeitig nachgehen zu k\u00f6nnen.<\/p><p>Von Fr\u00fchjahr bis Herbst haben\u00a0 Sie die M\u00f6glichkeit zum Wandern, Radfahren und Biken, Monsterrollerfahren, Paragliding, Sommerrodelbahn, Summer Tubing und Vieles mehr.<\/p><p>Entdecken Sie unseren Ort mit wundersch\u00f6ner Landschaft.<\/p><p>Genie\u00dfen Sie das\u00a0ansprechende Ambiente f\u00fcr einen erholsamen Aufenthalt und lassen Sie sich verw\u00f6hnen. Gastfreundlichkeit hat bei uns\u00a0Tradition.<\/p><p>Wir freuen uns, Sie als Gast bei uns begr\u00fc\u00dfen zu d\u00fcrfen.<\/p>\t\t\t\t\t\t\t\t<\/div>\n\t\t\t\t<\/div>\n\t\t\t\t\t<\/div>\n\t\t<\/div>\n\t\t\t\t<div class=\"elementor-column elementor-col-50 elementor-top-column elementor-element elementor-element-d7b1f50\" data-id=\"d7b1f50\" data-element_type=\"column\" data-e-type=\"column\">\n\t\t\t<div class=\"elementor-widget-wrap elementor-element-populated\">\n\t\t\t\t\t\t<div class=\"elementor-element elementor-element-c67afd2 elementor-widget elementor-widget-image\" data-id=\"c67afd2\" data-element_type=\"widget\" data-e-type=\"widget\" data-widget_type=\"image.default\">\n\t\t\t\t<div class=\"elementor-widget-container\">\n\t\t\t\t\t\t\t\t\t\t\t\t\t\t\t\t<a href=\"https:\/\/www.booking.com\/hotel\/de\/apartments-oberwiesenthal-oberwiesenthal.html?aid=2227964\">\n\t\t\t\t\t\t\t<img fetchpriority=\"high\" decoding=\"async\" width=\"768\" height=\"768\" src=\"https:\/\/fichtelbergerblick.de\/wp-content\/uploads\/2023\/02\/Digital-Award-TRA-2023-768x768.png\" class=\"attachment-medium_large size-medium_large wp-image-10021\" alt=\"\" srcset=\"https:\/\/fichtelbergerblick.de\/wp-content\/uploads\/2023\/02\/Digital-Award-TRA-2023-768x768.png 768w, https:\/\/fichtelbergerblick.de\/wp-content\/uploads\/2023\/02\/Digital-Award-TRA-2023-300x300.png 300w, https:\/\/fichtelbergerblick.de\/wp-content\/uploads\/2023\/02\/Digital-Award-TRA-2023-1024x1024.png 1024w, https:\/\/fichtelbergerblick.de\/wp-content\/uploads\/2023\/02\/Digital-Award-TRA-2023-150x150.png 150w, https:\/\/fichtelbergerblick.de\/wp-content\/uploads\/2023\/02\/Digital-Award-TRA-2023-720x720.png 720w, https:\/\/fichtelbergerblick.de\/wp-content\/uploads\/2023\/02\/Digital-Award-TRA-2023-12x12.png 12w, https:\/\/fichtelbergerblick.de\/wp-content\/uploads\/2023\/02\/Digital-Award-TRA-2023-600x600.png 600w, https:\/\/fichtelbergerblick.de\/wp-content\/uploads\/2023\/02\/Digital-Award-TRA-2023-100x100.png 100w, https:\/\/fichtelbergerblick.de\/wp-content\/uploads\/2023\/02\/Digital-Award-TRA-2023.png 1080w\" sizes=\"(max-width: 768px) 100vw, 768px\" \/>\t\t\t\t\t\t\t\t<\/a>\n\t\t\t\t\t\t\t\t\t\t\t\t\t\t\t<\/div>\n\t\t\t\t<\/div>\n\t\t\t\t\t<\/div>\n\t\t<\/div>\n\t\t\t\t\t<\/div>\n\t\t<\/section>\n\t\t\t\t<section class=\"elementor-section elementor-top-section elementor-element elementor-element-c5aa442 elementor-section-boxed elementor-section-height-default elementor-section-height-default\" data-id=\"c5aa442\" data-element_type=\"section\" data-e-type=\"section\">\n\t\t\t\t\t\t<div class=\"elementor-container elementor-column-gap-default\">\n\t\t\t\t\t<div class=\"elementor-column elementor-col-100 elementor-top-column elementor-element elementor-element-8193c8d\" data-id=\"8193c8d\" data-element_type=\"column\" data-e-type=\"column\">\n\t\t\t<div class=\"elementor-widget-wrap elementor-element-populated\">\n\t\t\t\t\t\t<div class=\"elementor-element elementor-element-f3eb295 elementor-widget-divider--view-line elementor-widget elementor-widget-divider\" data-id=\"f3eb295\" data-element_type=\"widget\" data-e-type=\"widget\" data-widget_type=\"divider.default\">\n\t\t\t\t<div class=\"elementor-widget-container\">\n\t\t\t\t\t\t\t<div class=\"elementor-divider\">\n\t\t\t<span class=\"elementor-divider-separator\">\n\t\t\t\t\t\t<\/span>\n\t\t<\/div>\n\t\t\t\t\t\t<\/div>\n\t\t\t\t<\/div>\n\t\t\t\t\t<\/div>\n\t\t<\/div>\n\t\t\t\t\t<\/div>\n\t\t<\/section>\n\t\t\t\t<section class=\"elementor-section elementor-top-section elementor-element elementor-element-bf69313 elementor-reverse-mobile elementor-section-boxed elementor-section-height-default elementor-section-height-default\" data-id=\"bf69313\" data-element_type=\"section\" data-e-type=\"section\">\n\t\t\t\t\t\t<div class=\"elementor-container elementor-column-gap-default\">\n\t\t\t\t\t<div class=\"elementor-column elementor-col-66 elementor-top-column elementor-element elementor-element-c7e1615\" data-id=\"c7e1615\" data-element_type=\"column\" data-e-type=\"column\">\n\t\t\t<div class=\"elementor-widget-wrap elementor-element-populated\">\n\t\t\t\t\t\t<div class=\"elementor-element elementor-element-bc13ea9 elementor-widget elementor-widget-heading\" data-id=\"bc13ea9\" data-element_type=\"widget\" data-e-type=\"widget\" data-widget_type=\"heading.default\">\n\t\t\t\t<div class=\"elementor-widget-container\">\n\t\t\t\t\t<h2 class=\"elementor-heading-title elementor-size-default\">Skischule Fichtelberg \u2013 Ihr Partner f\u00fcr Winterspa\u00df!<\/h2>\t\t\t\t<\/div>\n\t\t\t\t<\/div>\n\t\t\t\t<div class=\"elementor-element elementor-element-e74558d elementor-widget elementor-widget-text-editor\" data-id=\"e74558d\" data-element_type=\"widget\" data-e-type=\"widget\" data-widget_type=\"text-editor.default\">\n\t\t\t\t<div class=\"elementor-widget-container\">\n\t\t\t\t\t\t\t\t\t<p>Erleben Sie mit erfahrenen Trainern unvergessliche Momente im Schnee.<\/p><p>Unsere Kurse sind ideal f\u00fcr Anf\u00e4nger, Fortgeschrittene und Kinder. Lernen Sie Skifahren oder Snowboarden auf den besten Pisten der Region.<\/p><p>F\u00fcr jedes Niveau bieten wir individuelle Kurse an. Moderne Ausstattung und professionelle Betreuung sind garantiert.<\/p><p>Ideal f\u00fcr Familien, Gruppen oder Einzelpersonen.<\/p><p>Jetzt online buchen und Platz sichern!<\/p>\t\t\t\t\t\t\t\t<\/div>\n\t\t\t\t<\/div>\n\t\t\t\t<div class=\"elementor-element elementor-element-908e844 elementor-button-success elementor-widget elementor-widget-button\" data-id=\"908e844\" data-element_type=\"widget\" data-e-type=\"widget\" data-widget_type=\"button.default\">\n\t\t\t\t<div class=\"elementor-widget-container\">\n\t\t\t\t\t\t\t\t\t<div class=\"elementor-button-wrapper\">\n\t\t\t\t\t<a class=\"elementor-button elementor-button-link elementor-size-sm\" href=\"https:\/\/skischule-fichtelberg.de\/\" target=\"_blank\" rel=\"nofollow\">\n\t\t\t\t\t\t<span class=\"elementor-button-content-wrapper\">\n\t\t\t\t\t\t<span class=\"elementor-button-icon\">\n\t\t\t\t<i aria-hidden=\"true\" class=\"fas fa-skiing\"><\/i>\t\t\t<\/span>\n\t\t\t\t\t\t\t\t\t<span class=\"elementor-button-text\">Jetzt Entdecken!<\/span>\n\t\t\t\t\t<\/span>\n\t\t\t\t\t<\/a>\n\t\t\t\t<\/div>\n\t\t\t\t\t\t\t\t<\/div>\n\t\t\t\t<\/div>\n\t\t\t\t\t<\/div>\n\t\t<\/div>\n\t\t\t\t<div class=\"elementor-column elementor-col-33 elementor-top-column elementor-element elementor-element-2ac42e2\" data-id=\"2ac42e2\" data-element_type=\"column\" data-e-type=\"column\">\n\t\t\t<div class=\"elementor-widget-wrap elementor-element-populated\">\n\t\t\t\t\t\t<div class=\"elementor-element elementor-element-bd1e5e1 elementor-widget elementor-widget-image\" data-id=\"bd1e5e1\" data-element_type=\"widget\" data-e-type=\"widget\" data-widget_type=\"image.default\">\n\t\t\t\t<div class=\"elementor-widget-container\">\n\t\t\t\t\t\t\t\t\t\t\t\t\t\t\t\t<a href=\"https:\/\/skischule-fichtelberg.de\/\" target=\"_blank\" rel=\"nofollow\">\n\t\t\t\t\t\t\t<img decoding=\"async\" width=\"300\" height=\"244\" src=\"https:\/\/fichtelbergerblick.de\/wp-content\/uploads\/2025\/01\/ski_schule-min-300x244.png\" class=\"attachment-medium size-medium wp-image-10890\" alt=\"Ski Schule\" srcset=\"https:\/\/fichtelbergerblick.de\/wp-content\/uploads\/2025\/01\/ski_schule-min-300x244.png 300w, https:\/\/fichtelbergerblick.de\/wp-content\/uploads\/2025\/01\/ski_schule-min-15x12.png 15w, https:\/\/fichtelbergerblick.de\/wp-content\/uploads\/2025\/01\/ski_schule-min.png 491w\" sizes=\"(max-width: 300px) 100vw, 300px\" \/>\t\t\t\t\t\t\t\t<\/a>\n\t\t\t\t\t\t\t\t\t\t\t\t\t\t\t<\/div>\n\t\t\t\t<\/div>\n\t\t\t\t\t<\/div>\n\t\t<\/div>\n\t\t\t\t\t<\/div>\n\t\t<\/section>\n\t\t\t\t<section class=\"elementor-section elementor-top-section elementor-element elementor-element-97a478d elementor-section-boxed elementor-section-height-default elementor-section-height-default\" data-id=\"97a478d\" data-element_type=\"section\" data-e-type=\"section\">\n\t\t\t\t\t\t<div class=\"elementor-container elementor-column-gap-default\">\n\t\t\t\t\t<div class=\"elementor-column elementor-col-100 elementor-top-column elementor-element elementor-element-f3815eb\" data-id=\"f3815eb\" data-element_type=\"column\" data-e-type=\"column\">\n\t\t\t<div class=\"elementor-widget-wrap elementor-element-populated\">\n\t\t\t\t\t\t<div class=\"elementor-element elementor-element-1b3e7ac elementor-widget elementor-widget-spacer\" data-id=\"1b3e7ac\" data-element_type=\"widget\" data-e-type=\"widget\" data-widget_type=\"spacer.default\">\n\t\t\t\t<div class=\"elementor-widget-container\">\n\t\t\t\t\t\t\t<div class=\"elementor-spacer\">\n\t\t\t<div class=\"elementor-spacer-inner\"><\/div>\n\t\t<\/div>\n\t\t\t\t\t\t<\/div>\n\t\t\t\t<\/div>\n\t\t\t\t\t<\/div>\n\t\t<\/div>\n\t\t\t\t\t<\/div>\n\t\t<\/section>\n\t\t\t\t<\/div>\n\t\t","protected":false},"excerpt":{"rendered":"<p>Apartment Fichtelberger BlickEin vielf\u00e4ltiges Angebot an sportlichen Aktivit\u00e4ten und Vieles mehr erwartet Sie in unserem Apartmenthaus im Kurort Oberwiesenthal.ReservierenApartmenthaus am Markt hei\u00dft Sie willkommen!Ein angenehmer Aufenthalt im komfortablen Zimmer, optional mit Blick auf Fichtelberg. Eine perfekte Ausstattung, eine super Lage in unserer Region, nur 100 m von der Fichtelbergpiste entfernt.Reservieren Das Grundst\u00fcck ist ideal gelegen, [&hellip;]<\/p>\n","protected":false},"author":1,"featured_media":0,"parent":0,"menu_order":0,"comment_status":"closed","ping_status":"closed","template":"elementor_header_footer","meta":{"footnotes":""},"class_list":["post-6086","page","type-page","status-publish","hentry"],"yoast_head":"<!-- This site is optimized with the Yoast SEO plugin v27.2 - https:\/\/yoast.com\/product\/yoast-seo-wordpress\/ -->\n<title>Apartment und Ferienwohnungen in Oberwiesenthal<\/title>\n<meta name=\"description\" content=\"Apartment und Ferienwohnungen in Kurort Oberwiesenthal. Buchen Sie jetzt Ihren Ski Urlaub. Tel.: 015221663302\" \/>\n<meta name=\"robots\" content=\"index, follow, max-snippet:-1, max-image-preview:large, max-video-preview:-1\" \/>\n<link rel=\"canonical\" href=\"https:\/\/fichtelbergerblick.de\/en\/\" \/>\n<meta property=\"og:locale\" content=\"en_GB\" \/>\n<meta property=\"og:type\" content=\"article\" \/>\n<meta property=\"og:title\" content=\"Apartment und Ferienwohnungen in Oberwiesenthal\" \/>\n<meta property=\"og:description\" content=\"Apartment und Ferienwohnungen in Kurort Oberwiesenthal. Buchen Sie jetzt Ihren Ski Urlaub. Tel.: 015221663302\" \/>\n<meta property=\"og:url\" content=\"https:\/\/fichtelbergerblick.de\/en\/\" \/>\n<meta property=\"og:site_name\" content=\"Fichtelberger Blick\" \/>\n<meta property=\"article:modified_time\" content=\"2025-01-09T12:36:14+00:00\" \/>\n<meta property=\"og:image\" content=\"https:\/\/fichtelbergerblick.de\/wp-content\/uploads\/2023\/02\/Digital-Award-TRA-2023.png\" \/>\n\t<meta property=\"og:image:width\" content=\"1080\" \/>\n\t<meta property=\"og:image:height\" content=\"1080\" \/>\n\t<meta property=\"og:image:type\" content=\"image\/png\" \/>\n<meta name=\"twitter:card\" content=\"summary_large_image\" \/>\n<meta name=\"twitter:label1\" content=\"Estimated reading time\" \/>\n\t<meta name=\"twitter:data1\" content=\"3 minutes\" \/>\n<script type=\"application\/ld+json\" class=\"yoast-schema-graph\">{\"@context\":\"https:\/\/schema.org\",\"@graph\":[{\"@type\":\"WebPage\",\"@id\":\"https:\/\/fichtelbergerblick.de\/\",\"url\":\"https:\/\/fichtelbergerblick.de\/\",\"name\":\"Apartment und Ferienwohnungen in Oberwiesenthal\",\"isPartOf\":{\"@id\":\"https:\/\/fichtelbergerblick.de\/#website\"},\"primaryImageOfPage\":{\"@id\":\"https:\/\/fichtelbergerblick.de\/#primaryimage\"},\"image\":{\"@id\":\"https:\/\/fichtelbergerblick.de\/#primaryimage\"},\"thumbnailUrl\":\"https:\/\/fichtelbergerblick.de\/wp-content\/uploads\/2023\/02\/Digital-Award-TRA-2023-768x768.png\",\"datePublished\":\"2022-04-25T10:08:03+00:00\",\"dateModified\":\"2025-01-09T12:36:14+00:00\",\"description\":\"Apartment und Ferienwohnungen in Kurort Oberwiesenthal. Buchen Sie jetzt Ihren Ski Urlaub. Tel.: 015221663302\",\"breadcrumb\":{\"@id\":\"https:\/\/fichtelbergerblick.de\/#breadcrumb\"},\"inLanguage\":\"en-GB\",\"potentialAction\":[{\"@type\":\"ReadAction\",\"target\":[\"https:\/\/fichtelbergerblick.de\/\"]}]},{\"@type\":\"ImageObject\",\"inLanguage\":\"en-GB\",\"@id\":\"https:\/\/fichtelbergerblick.de\/#primaryimage\",\"url\":\"https:\/\/fichtelbergerblick.de\/wp-content\/uploads\/2023\/02\/Digital-Award-TRA-2023-768x768.png\",\"contentUrl\":\"https:\/\/fichtelbergerblick.de\/wp-content\/uploads\/2023\/02\/Digital-Award-TRA-2023-768x768.png\"},{\"@type\":\"BreadcrumbList\",\"@id\":\"https:\/\/fichtelbergerblick.de\/#breadcrumb\",\"itemListElement\":[{\"@type\":\"ListItem\",\"position\":1,\"name\":\"Home\",\"item\":\"https:\/\/fichtelbergerblick.de\/\"},{\"@type\":\"ListItem\",\"position\":2,\"name\":\"Home 6\"}]},{\"@type\":\"WebSite\",\"@id\":\"https:\/\/fichtelbergerblick.de\/#website\",\"url\":\"https:\/\/fichtelbergerblick.de\/\",\"name\":\"Fichtelberger Blick\",\"description\":\"\",\"publisher\":{\"@id\":\"https:\/\/fichtelbergerblick.de\/#organization\"},\"potentialAction\":[{\"@type\":\"SearchAction\",\"target\":{\"@type\":\"EntryPoint\",\"urlTemplate\":\"https:\/\/fichtelbergerblick.de\/?s={search_term_string}\"},\"query-input\":{\"@type\":\"PropertyValueSpecification\",\"valueRequired\":true,\"valueName\":\"search_term_string\"}}],\"inLanguage\":\"en-GB\"},{\"@type\":\"Organization\",\"@id\":\"https:\/\/fichtelbergerblick.de\/#organization\",\"name\":\"Fichtelberger Blick\",\"url\":\"https:\/\/fichtelbergerblick.de\/\",\"logo\":{\"@type\":\"ImageObject\",\"inLanguage\":\"en-GB\",\"@id\":\"https:\/\/fichtelbergerblick.de\/#\/schema\/logo\/image\/\",\"url\":\"https:\/\/fichtelbergerblick.de\/wp-content\/uploads\/2022\/08\/120_logo_bild_kl_black.png\",\"contentUrl\":\"https:\/\/fichtelbergerblick.de\/wp-content\/uploads\/2022\/08\/120_logo_bild_kl_black.png\",\"width\":182,\"height\":120,\"caption\":\"Fichtelberger Blick\"},\"image\":{\"@id\":\"https:\/\/fichtelbergerblick.de\/#\/schema\/logo\/image\/\"}}]}<\/script>\n<!-- \/ Yoast SEO plugin. -->","yoast_head_json":{"title":"Flat and holiday flats in Oberwiesenthal","description":"Flat and holiday flats in Kurort Oberwiesenthal. Book your skiing holiday now. Tel.: 015221663302","robots":{"index":"index","follow":"follow","max-snippet":"max-snippet:-1","max-image-preview":"max-image-preview:large","max-video-preview":"max-video-preview:-1"},"canonical":"https:\/\/fichtelbergerblick.de\/en\/","og_locale":"en_GB","og_type":"article","og_title":"Apartment und Ferienwohnungen in Oberwiesenthal","og_description":"Apartment und Ferienwohnungen in Kurort Oberwiesenthal. Buchen Sie jetzt Ihren Ski Urlaub. Tel.: 015221663302","og_url":"https:\/\/fichtelbergerblick.de\/en\/","og_site_name":"Fichtelberger Blick","article_modified_time":"2025-01-09T12:36:14+00:00","og_image":[{"width":1080,"height":1080,"url":"https:\/\/fichtelbergerblick.de\/wp-content\/uploads\/2023\/02\/Digital-Award-TRA-2023.png","type":"image\/png"}],"twitter_card":"summary_large_image","twitter_misc":{"Estimated reading time":"3 minutes"},"schema":{"@context":"https:\/\/schema.org","@graph":[{"@type":"WebPage","@id":"https:\/\/fichtelbergerblick.de\/","url":"https:\/\/fichtelbergerblick.de\/","name":"Flat and holiday flats in Oberwiesenthal","isPartOf":{"@id":"https:\/\/fichtelbergerblick.de\/#website"},"primaryImageOfPage":{"@id":"https:\/\/fichtelbergerblick.de\/#primaryimage"},"image":{"@id":"https:\/\/fichtelbergerblick.de\/#primaryimage"},"thumbnailUrl":"https:\/\/fichtelbergerblick.de\/wp-content\/uploads\/2023\/02\/Digital-Award-TRA-2023-768x768.png","datePublished":"2022-04-25T10:08:03+00:00","dateModified":"2025-01-09T12:36:14+00:00","description":"Flat and holiday flats in Kurort Oberwiesenthal. Book your skiing holiday now. Tel.: 015221663302","breadcrumb":{"@id":"https:\/\/fichtelbergerblick.de\/#breadcrumb"},"inLanguage":"en-GB","potentialAction":[{"@type":"ReadAction","target":["https:\/\/fichtelbergerblick.de\/"]}]},{"@type":"ImageObject","inLanguage":"en-GB","@id":"https:\/\/fichtelbergerblick.de\/#primaryimage","url":"https:\/\/fichtelbergerblick.de\/wp-content\/uploads\/2023\/02\/Digital-Award-TRA-2023-768x768.png","contentUrl":"https:\/\/fichtelbergerblick.de\/wp-content\/uploads\/2023\/02\/Digital-Award-TRA-2023-768x768.png"},{"@type":"BreadcrumbList","@id":"https:\/\/fichtelbergerblick.de\/#breadcrumb","itemListElement":[{"@type":"ListItem","position":1,"name":"Home","item":"https:\/\/fichtelbergerblick.de\/"},{"@type":"ListItem","position":2,"name":"Home 6"}]},{"@type":"WebSite","@id":"https:\/\/fichtelbergerblick.de\/#website","url":"https:\/\/fichtelbergerblick.de\/","name":"Fichtelberg view","description":"","publisher":{"@id":"https:\/\/fichtelbergerblick.de\/#organization"},"potentialAction":[{"@type":"SearchAction","target":{"@type":"EntryPoint","urlTemplate":"https:\/\/fichtelbergerblick.de\/?s={search_term_string}"},"query-input":{"@type":"PropertyValueSpecification","valueRequired":true,"valueName":"search_term_string"}}],"inLanguage":"en-GB"},{"@type":"Organization","@id":"https:\/\/fichtelbergerblick.de\/#organization","name":"Fichtelberg view","url":"https:\/\/fichtelbergerblick.de\/","logo":{"@type":"ImageObject","inLanguage":"en-GB","@id":"https:\/\/fichtelbergerblick.de\/#\/schema\/logo\/image\/","url":"https:\/\/fichtelbergerblick.de\/wp-content\/uploads\/2022\/08\/120_logo_bild_kl_black.png","contentUrl":"https:\/\/fichtelbergerblick.de\/wp-content\/uploads\/2022\/08\/120_logo_bild_kl_black.png","width":182,"height":120,"caption":"Fichtelberger Blick"},"image":{"@id":"https:\/\/fichtelbergerblick.de\/#\/schema\/logo\/image\/"}}]}},"_links":{"self":[{"href":"https:\/\/fichtelbergerblick.de\/en\/wp-json\/wp\/v2\/pages\/6086","targetHints":{"allow":["GET"]}}],"collection":[{"href":"https:\/\/fichtelbergerblick.de\/en\/wp-json\/wp\/v2\/pages"}],"about":[{"href":"https:\/\/fichtelbergerblick.de\/en\/wp-json\/wp\/v2\/types\/page"}],"author":[{"embeddable":true,"href":"https:\/\/fichtelbergerblick.de\/en\/wp-json\/wp\/v2\/users\/1"}],"replies":[{"embeddable":true,"href":"https:\/\/fichtelbergerblick.de\/en\/wp-json\/wp\/v2\/comments?post=6086"}],"version-history":[{"count":241,"href":"https:\/\/fichtelbergerblick.de\/en\/wp-json\/wp\/v2\/pages\/6086\/revisions"}],"predecessor-version":[{"id":10914,"href":"https:\/\/fichtelbergerblick.de\/en\/wp-json\/wp\/v2\/pages\/6086\/revisions\/10914"}],"wp:attachment":[{"href":"https:\/\/fichtelbergerblick.de\/en\/wp-json\/wp\/v2\/media?parent=6086"}],"curies":[{"name":"wp","href":"https:\/\/api.w.org\/{rel}","templated":true}]}}