
{"id":9001,"date":"2022-08-12T10:06:22","date_gmt":"2022-08-12T08:06:22","guid":{"rendered":"https:\/\/fichtelbergerblick.de\/?page_id=9001"},"modified":"2022-09-29T16:15:28","modified_gmt":"2022-09-29T14:15:28","slug":"agb","status":"publish","type":"page","link":"https:\/\/fichtelbergerblick.de\/cs\/agb\/","title":{"rendered":"AGB"},"content":{"rendered":"<div data-elementor-type=\"wp-page\" data-elementor-id=\"9001\" class=\"elementor elementor-9001\" data-elementor-post-type=\"page\">\n\t\t\t\t\t\t<section class=\"elementor-section elementor-top-section elementor-element elementor-element-18ecbd7 elementor-section-boxed elementor-section-height-default elementor-section-height-default\" data-id=\"18ecbd7\" data-element_type=\"section\" data-e-type=\"section\">\n\t\t\t\t\t\t<div class=\"elementor-container elementor-column-gap-default\">\n\t\t\t\t\t<div class=\"elementor-column elementor-col-100 elementor-top-column elementor-element elementor-element-e2fde56\" data-id=\"e2fde56\" data-element_type=\"column\" data-e-type=\"column\">\n\t\t\t<div class=\"elementor-widget-wrap elementor-element-populated\">\n\t\t\t\t\t\t<div class=\"elementor-element elementor-element-035589a elementor-widget elementor-widget-heading\" data-id=\"035589a\" data-element_type=\"widget\" data-e-type=\"widget\" data-widget_type=\"heading.default\">\n\t\t\t\t<div class=\"elementor-widget-container\">\n\t\t\t\t\t<h2 class=\"elementor-heading-title elementor-size-default\">Otisk<\/h2>\t\t\t\t<\/div>\n\t\t\t\t<\/div>\n\t\t\t\t\t<\/div>\n\t\t<\/div>\n\t\t\t\t\t<\/div>\n\t\t<\/section>\n\t\t\t\t<section class=\"elementor-section elementor-top-section elementor-element elementor-element-b9de2fc elementor-section-boxed elementor-section-height-default elementor-section-height-default\" data-id=\"b9de2fc\" data-element_type=\"section\" data-e-type=\"section\">\n\t\t\t\t\t\t<div class=\"elementor-container elementor-column-gap-default\">\n\t\t\t\t\t<div class=\"elementor-column elementor-col-100 elementor-top-column elementor-element elementor-element-b9a6a35\" data-id=\"b9a6a35\" data-element_type=\"column\" data-e-type=\"column\">\n\t\t\t<div class=\"elementor-widget-wrap elementor-element-populated\">\n\t\t\t\t\t\t<div class=\"elementor-element elementor-element-83fcfb5 elementor-widget elementor-widget-heading\" data-id=\"83fcfb5\" data-element_type=\"widget\" data-e-type=\"widget\" data-widget_type=\"heading.default\">\n\t\t\t\t<div class=\"elementor-widget-container\">\n\t\t\t\t\t<h2 class=\"elementor-heading-title elementor-size-default\">AGB - V\u0161eobecn\u00e9 obchodn\u00ed podm\u00ednky<\/h2>\t\t\t\t<\/div>\n\t\t\t\t<\/div>\n\t\t\t\t<div class=\"elementor-element elementor-element-f05c467 elementor-widget elementor-widget-text-editor\" data-id=\"f05c467\" data-element_type=\"widget\" data-e-type=\"widget\" data-widget_type=\"text-editor.default\">\n\t\t\t\t<div class=\"elementor-widget-container\">\n\t\t\t\t\t\t\t\t\t<h2>\u00a0<\/h2><div class=\"row\"><div class=\"col-md-12 col-sm-12\"><p>N\u00e1sleduj\u00edc\u00ed podm\u00ednky plat\u00ed pro pron\u00e1jem byt\u016f (rekrea\u010dn\u00edch byt\u016f) spole\u010dnost\u00ed Apartments Fichtelberger Blick Inh. Chemnitzer Wohnbau Projekt GmbH. Upravuj\u00ed pr\u00e1vn\u00ed vztahy mezi z\u00e1kazn\u00edkem\/hostem, d\u00e1le tak\u00e9 \"n\u00e1jemcem\", a spole\u010dnost\u00ed Apartments Fichtelberger Blick, d\u00e1le tak\u00e9 \"pronaj\u00edmatelem\". Podm\u00ednky z\u00e1kazn\u00edka, kter\u00e9 se odchyluj\u00ed od t\u011bchto VOP, se nepou\u017eij\u00ed.<\/p><p>\u00a0<\/p><p><strong>\u00a7 1 Uzav\u0159en\u00ed smlouvy\/potvrzen\u00ed rezervace<\/strong><\/p><p>Vypln\u011bn\u00edm informa\u010dn\u00edch pol\u00ed a dokon\u010den\u00edm procesu rezervace \u010din\u00ed z\u00e1kazn\u00edk spole\u010dnosti Apartments Fichtelberger Blick z\u00e1vaznou nab\u00eddku na uzav\u0159en\u00ed smlouvy o pron\u00e1jmu rekrea\u010dn\u00edho bytu. Nab\u00eddka m\u016f\u017ee b\u00fdt u\u010din\u011bna p\u00edsemn\u011b, \u00fastn\u011b nebo prost\u0159ednictv\u00edm elektronick\u00fdch m\u00e9di\u00ed (internet). Z\u00e1kazn\u00edk rovn\u011b\u017e odpov\u00edd\u00e1 za v\u0161echny \u00fa\u010dastn\u00edky uveden\u00e9 v nab\u00eddce a za sv\u00e9 vlastn\u00ed z\u00e1vazky.<\/p><p>Pronaj\u00edmatel si vyhrazuje pr\u00e1vo nab\u00eddku p\u0159ijmout. Pokud pronaj\u00edmatel potvrd\u00ed n\u00e1jemci rezervaci p\u00edsemn\u011b, e-mailem nebo jin\u00fdm zp\u016fsobem, je mezi n\u00e1jemcem a pronaj\u00edmatelem Apartments Fichtelberger Blick uzav\u0159ena n\u00e1jemn\u00ed smlouva na rekrea\u010dn\u00ed byt, o kter\u00fd n\u00e1jemce p\u0159i rezervaci po\u017e\u00e1dal.<\/p><p>Z\u00e1kazn\u00edk\/n\u00e1jemce se zavazuje neprodlen\u011b zkontrolovat spr\u00e1vnost potvrzen\u00ed rezervace, kter\u00e9 obdr\u017eel, a v p\u0159\u00edpad\u011b pot\u0159eby upozornit pronaj\u00edmatele na p\u0159\u00edpadn\u00e9 nep\u0159esnosti nebo nesrovnalosti. Jak\u00e9koli upozorn\u011bn\u00ed na nep\u0159esnosti nebo nesrovnalosti u\u010din\u011bn\u00e9 po uplynut\u00ed t\u0159\u00ed dn\u016f od obdr\u017een\u00ed potvrzen\u00ed rezervace ji\u017e nelze zohlednit. Zejm\u00e9na pozdn\u00ed ozn\u00e1men\u00ed nep\u0159esnost\u00ed nebo nesrovnalost\u00ed neoprav\u0148uje n\u00e1jemce k odstoupen\u00ed od smlouvy.<\/p><p><strong>\u00a7 2 Platebn\u00ed podm\u00ednky<\/strong><\/p><p>Platba bude provedena po uzav\u0159en\u00ed smlouvy a po p\u0159ed\u00e1n\u00ed faktury.<\/p><p>Platbu lze prov\u00e9st bankovn\u00edm p\u0159evodem, inkasem nebo v hotovosti na m\u00edst\u011b. P\u0159\u00edm\u00e9 inkaso je mo\u017en\u00e9 pouze z \u00fa\u010dtu veden\u00e9ho u banky v N\u011bmecku. Odes\u00edlan\u00e9 osobn\u00ed \u00fadaje, jako je jm\u00e9no, adresa a p\u0159\u00edpadn\u011b \u010d\u00edslo kreditn\u00ed karty, k\u00f3d banky, \u010d\u00edslo \u00fa\u010dtu, jsou \u0161ifrov\u00e1ny pomoc\u00ed technologie SSL.<\/p><p><strong>\u00a7 3 P\u0159\u00edjezd a odjezd<\/strong><\/p><p>V den p\u0159\u00edjezdu se n\u00e1jemce m\u016f\u017ee nast\u011bhovat do bytu nejd\u0159\u00edve ve 14.00 hodin. Pokud by do\u0161lo ke zpo\u017ed\u011bn\u00ed p\u0159\u00edjezdu ze strany hosta, mus\u00ed o tom host v\u010das informovat Apartments Fichtelberger Blick. Pokud se n\u00e1jemce nedostav\u00ed ani nep\u0159ihl\u00e1s\u00ed do 20.00 hodin, m\u00e1 spole\u010dnost Apartments Fichtelberger Blick pr\u00e1vo uvolnit pronajat\u00fd objekt k dal\u0161\u00edmu pron\u00e1jmu, aby minimalizovala \u0161kody. Obecn\u011b bychom byli velmi r\u00e1di, kdybyste n\u00e1m sd\u011blili p\u0159ibli\u017en\u00fd \u010das sv\u00e9ho p\u0159\u00edjezdu a\/nebo \u010d\u00edslo sv\u00e9ho mobiln\u00edho telefonu.<\/p><p>Byt mohou vyu\u017e\u00edvat pouze osoby uveden\u00e9 v rezervaci. Pokud byt u\u017e\u00edv\u00e1 v\u00edce osob, ne\u017e bylo dohodnuto, je t\u0159eba za n\u011b zaplatit zvl\u00e1\u0161tn\u00ed poplatek.<\/p><p>V den odjezdu, pokud nen\u00ed dohodnuto jinak, mus\u00ed b\u00fdt byt pronaj\u00edmateli zp\u0159\u00edstupn\u011bn do 11.00 hodin a kl\u00ed\u010d vr\u00e1cen. Byt mus\u00ed b\u00fdt vr\u00e1cen ve stavu, kter\u00fd odpov\u00edd\u00e1 smlouv\u011b, co\u017e zahrnuje zejm\u00e9na umyt\u00ed pou\u017eit\u00e9ho n\u00e1dob\u00ed a odstran\u011bn\u00ed odpadk\u016f (v\u010detn\u011b recyklovateln\u00fdch materi\u00e1l\u016f, jako jsou plasty, pap\u00edr nebo pou\u017eit\u00e9 sklo) z bytu. Lednice mus\u00ed b\u00fdt p\u0159i p\u0159ed\u00e1n\u00ed pr\u00e1zdn\u00e1 od v\u011bc\u00ed n\u00e1jemce.<\/p><p>Odpadky se ukl\u00e1daj\u00ed do odpadkov\u00fdch ko\u0161\u016f, kter\u00e9 jsou k dispozici.<\/p><p>V den odjezdu bude byt zkontrolov\u00e1n a v p\u0159\u00edpad\u011b po\u0161kozen\u00ed invent\u00e1\u0159e nebo bytu si pronaj\u00edmatel vyhrazuje pr\u00e1vo na n\u00e1hradu \u0161kody.<\/p><p>Pokud m\u00e1 n\u00e1jemce sjednan\u00e9 poji\u0161t\u011bn\u00ed odpov\u011bdnosti za \u0161kodu, je t\u0159eba \u0161kodu nahl\u00e1sit pronaj\u00edmateli a poji\u0161\u0165ovn\u011b, aby bylo mo\u017en\u00e9 vy\u0159\u00eddit pojistn\u00e9 pln\u011bn\u00ed. Pronaj\u00edmatel mus\u00ed b\u00fdt rovn\u011b\u017e informov\u00e1n o n\u00e1zvu, adrese a \u010d\u00edsle poji\u0161\u0165ovny.<\/p><p><strong>\u00a7 4 Zv\u00ed\u0159ata<\/strong><\/p><\/div><div class=\"col-md-12 col-sm-12\"><p>Dom\u00e1c\u00ed zv\u00ed\u0159ata je mo\u017en\u00e9 p\u0159iv\u00e9st pouze po p\u0159edchoz\u00ed dohod\u011b s pronaj\u00edmatelem. Pronaj\u00edmatel si m\u016f\u017ee za p\u0159ijet\u00ed dom\u00e1c\u00edho mazl\u00ed\u010dka \u00fa\u010dtovat p\u0159\u00edplatek. Dom\u00e1c\u00ed zv\u00ed\u0159ata se nesm\u00ed nech\u00e1vat na \u010daloun\u011bn\u00e9m n\u00e1bytku a postel\u00edch. Za zne\u010di\u0161t\u011bn\u00ed a po\u0161kozen\u00ed odpov\u00edd\u00e1 majitel zv\u00ed\u0159ete nebo n\u00e1jemce.<\/p><p><strong>\u00a7 5 Odstoupen\u00ed z\u00e1kazn\u00edka od smlouvy, storno poplatky<\/strong><\/p><p>a) Odstoupen\u00ed n\u00e1jemce od smlouvy uzav\u0159en\u00e9 s pronaj\u00edmatelem mus\u00ed b\u00fdt ozn\u00e1meno p\u00edsemn\u011b. Pokud se tak nestane, je t\u0159eba zaplatit dohodnutou cenu ze smlouvy, i kdy\u017e n\u00e1jemce slu\u017eby nevyu\u017eil. To neplat\u00ed v p\u0159\u00edpad\u011b prodlen\u00ed s pln\u011bn\u00edm ze strany pronaj\u00edmatele nebo nemo\u017enosti pln\u011bn\u00ed, za kter\u00e9 odpov\u00edd\u00e1 pronaj\u00edmatel.<\/p><p>b) Pokud bylo mezi pronaj\u00edmatelem a n\u00e1jemcem p\u00edsemn\u011b dohodnuto datum pro odstoupen\u00ed od smlouvy, m\u016f\u017ee z\u00e1kazn\u00edk od smlouvy odstoupit a\u017e do tohoto data, ani\u017e by t\u00edm vznikly jak\u00e9koli n\u00e1roky na zaplacen\u00ed nebo n\u00e1hradu \u0161kody. Pr\u00e1vo n\u00e1jemce na odstoupen\u00ed od smlouvy zanik\u00e1, pokud sv\u00e9 pr\u00e1vo p\u00edsemn\u011b neuplatn\u00ed do dohodnut\u00e9ho data.<\/p><p>c) V p\u0159\u00edpad\u011b byt\u016f, kter\u00e9 z\u00e1kazn\u00edk nevyu\u017e\u00edv\u00e1, zapo\u010dte pronaj\u00edmatel p\u0159\u00edjmy z jin\u00fdch pron\u00e1jm\u016f i u\u0161et\u0159en\u00e9 n\u00e1klady.<\/p><p>d) Pronaj\u00edmatel m\u016f\u017ee pau\u0161alizovat \u0161kodu, kter\u00e1 j\u00ed vznikla. Z\u00e1kazn\u00edk je pak povinen zaplatit 80% ze smluvn\u011b dohodnut\u00e9 ceny za p\u0159enocov\u00e1n\u00ed.<\/p><p>e) N\u00e1klady na zru\u0161en\u00ed jsou rozlo\u017eeny takto:<\/p><p>Mimo sez\u00f3nu od dubna do listopadu v\u010detn\u011b:<\/p><p>Zru\u0161en\u00ed rezervace 3 a\u017e 7 dn\u00ed p\u0159ed odjezdem 20 % z celkov\u00e9 ceny.<\/p><p>1 a\u017e 3 dny p\u0159ed odjezdem nebo nedostaven\u00edm se 50 % z celkov\u00e9 ceny<\/p><p>V zimn\u00ed sez\u00f3n\u011b od prosince do b\u0159ezna v\u010detn\u011b:<\/p><p>Storno v obdob\u00ed 21 a\u017e 15 dn\u00ed p\u0159ed odjezdem 20 % z celkov\u00e9 ceny.<\/p><p>Do 14 dn\u016f p\u0159ed odjezdem nebo nedostaven\u00edm se 70 % z celkov\u00e9 ceny<\/p><p><strong>\u00a7 6 Pr\u00e1vo pronaj\u00edmatele odstoupit od smlouvy<\/strong><\/p><p>V p\u0159\u00edpad\u011b odstoupen\u00ed pronaj\u00edmatele od smlouvy v d\u016fsledku vy\u0161\u0161\u00ed moci nebo jin\u00fdch nep\u0159edv\u00eddateln\u00fdch okolnost\u00ed (nap\u0159. nehoda nebo nemoc hostitel\u016f), jako\u017e i jin\u00fdch okolnost\u00ed, za kter\u00e9 pronaj\u00edmatel neodpov\u00edd\u00e1 a kter\u00e9 znemo\u017e\u0148uj\u00ed pln\u011bn\u00ed; odpov\u011bdnost je omezena na n\u00e1hradu n\u00e1klad\u016f. V p\u0159\u00edpad\u011b opr\u00e1vn\u011bn\u00e9ho odstoupen\u00ed od smlouvy nem\u00e1 z\u00e1kazn\u00edk n\u00e1rok na n\u00e1hradu \u0161kody - za cestovn\u00ed a hotelov\u00e9 n\u00e1klady nenese \u017e\u00e1dnou odpov\u011bdnost. Po za\u010d\u00e1tku doby n\u00e1jmu m\u016f\u017ee pronaj\u00edmatel od smlouvy odstoupit bez v\u00fdpov\u011bdn\u00ed lh\u016fty, pokud n\u00e1jemce p\u0159es v\u00fdstrahu trvale obt\u011b\u017euje ostatn\u00ed n\u00e1jemce nebo se chov\u00e1 v rozporu se smlouvou do t\u00e9 m\u00edry, \u017ee je okam\u017eit\u00e9 zru\u0161en\u00ed n\u00e1jemn\u00ed smlouvy od\u016fvodn\u011bn\u00e9. Na vr\u00e1cen\u00ed n\u00e1jemn\u00e9ho nebo n\u00e1hradu \u0161kody nen\u00ed pr\u00e1vn\u00ed n\u00e1rok. N\u00e1jemce souhlas\u00ed se V\u0161eobecn\u00fdmi podm\u00ednkami pro ubytov\u00e1n\u00ed v apartm\u00e1nu Fichtelberger Blick, jako\u017e i s domovn\u00edm \u0159\u00e1dem - pokud pat\u0159\u00ed k p\u0159edm\u011btu n\u00e1jmu. Prohl\u00e1\u0161en\u00ed o souhlasu se prov\u00e1d\u00ed spolu s platbou nebo potvrzen\u00edm pronaj\u00edmatele o rezervaci.<\/p><p>V p\u0159\u00edpad\u011b poru\u0161en\u00ed VOP nebo domovn\u00edho \u0159\u00e1du a dal\u0161\u00edch d\u016fvod\u016f uveden\u00fdch v t\u011bchto VOP je pronaj\u00edmatel (Fichtelberger Blick) opr\u00e1vn\u011bn n\u00e1jemn\u00ed vztah okam\u017eit\u011b a bez v\u00fdpov\u011bdn\u00ed lh\u016fty ukon\u010dit. Na vr\u00e1cen\u00ed n\u00e1jemn\u00e9ho nebo n\u00e1hradu \u0161kody nen\u00ed pr\u00e1vn\u00ed n\u00e1rok.<\/p><p><strong>\u00a7 7 Ustanoven\u00ed o odd\u011blitelnosti<\/strong><\/p><p>Pokud by jednotliv\u00e1 ustanoven\u00ed t\u011bchto V\u0161eobecn\u00fdch obchodn\u00edch podm\u00ednek byla nebo se stala neplatn\u00fdmi nebo ne\u00fa\u010dinn\u00fdmi, platnost ostatn\u00edch ustanoven\u00ed t\u00edm nen\u00ed dot\u010dena a nahrad\u00ed se ustanoven\u00edm, kter\u00e9 je jim sv\u00fdm smyslem a ekonomick\u00fdm v\u00fdznamem nejbli\u017e\u0161\u00ed.<\/p><p><strong>\u00a7 8 Obecn\u00e9<\/strong><\/p><p>Z\u00e1kazn\u00edk souhlas\u00ed se zpracov\u00e1n\u00edm sv\u00fdch \u00fadaj\u016f, pokud je to v r\u00e1mci \u00fa\u010delu pr\u00e1vn\u00edho vztahu.<\/p><p>Upozor\u0148ujeme, \u017ee v\u0161echny na\u0161e rekrea\u010dn\u00ed byty jsou neku\u0159\u00e1ck\u00e9, v p\u0159\u00edpad\u011b poru\u0161en\u00ed z\u00e1kazu si \u00fa\u010dtujeme poplatek 70,00 eur. Kou\u0159en\u00ed je povoleno pouze mimo budovy nebo na balkonech.<\/p><p>Pronaj\u00edmatel neodpov\u00edd\u00e1 za ztr\u00e1tu nebo po\u0161kozen\u00ed vnesen\u00fdch v\u011bc\u00ed, v\u010detn\u011b automobil\u016f.<\/p><p>N\u00e1jemce nem\u016f\u017ee po\u017eadovat n\u00e1hradu \u0161kody, pokud nen\u00ed byt v\u00fdjime\u010dn\u011b k dispozici ve 14.00 hodin.<\/p><p>Za opravu po\u0161kozen\u00fdch kl\u00ed\u010d\u016f nebo v\u00fdm\u011bnu ztracen\u00fdch kl\u00ed\u010d\u016f v\u00e1m bude \u00fa\u010dtov\u00e1n poplatek 100 \u20ac.<\/p><p>N\u00e1v\u0161t\u011bvn\u00ed poplatek se plat\u00ed spr\u00e1v\u011b l\u00e1zn\u00ed Oberwiesenthal prost\u0159ednictv\u00edm pronaj\u00edmatele.<\/p><p>Zm\u011bny nebo dodatky ke smlouv\u011b nebo t\u011bmto podm\u00ednk\u00e1m mus\u00ed b\u00fdt provedeny p\u00edsemn\u011b. Jednostrann\u00e9 zm\u011bny nebo dopl\u0148ky ze strany hosta jsou neplatn\u00e9.<\/p><p>Stav: \u010derven 2017<\/p><\/div><\/div>\t\t\t\t\t\t\t\t<\/div>\n\t\t\t\t<\/div>\n\t\t\t\t\t<\/div>\n\t\t<\/div>\n\t\t\t\t\t<\/div>\n\t\t<\/section>\n\t\t\t\t<\/div>","protected":false},"excerpt":{"rendered":"<p>Impressum AGB &#8211; Allgemeine Gesch\u00e4ftsbedingungen &nbsp; F\u00fcr die Vermietung von Apartments (Ferienwohnungen) durch die Apartments Fichtelberger Blick Inh. Chemnitzer Wohnbau Projekt GmbH gelten die nachfolgenden Bedingungen. Sie regeln das Rechtsverh\u00e4ltnis zwischen dem Kunden\/Gast nachfolgend auch Mieter genannt und dem Apartments Fichtelberger Blick nachfolgend auch Vermieter genannt. Von diesen AGB abweichende Gesch\u00e4ftsbedingungen des Kunden finden keine [&hellip;]<\/p>\n","protected":false},"author":1,"featured_media":0,"parent":0,"menu_order":0,"comment_status":"closed","ping_status":"closed","template":"elementor_theme","meta":{"footnotes":""},"class_list":["post-9001","page","type-page","status-publish","hentry"],"yoast_head":"<!-- This site is optimized with the Yoast SEO plugin v27.2 - https:\/\/yoast.com\/product\/yoast-seo-wordpress\/ -->\n<title>AGB - Fichtelberger Blick<\/title>\n<meta name=\"description\" content=\"Durch die Apartments Fichtelberger Blick Inh. Chemnitzer Wohnbau Projekt GmbH gelten die nachfolgenden Bedingungen. Jetzt lesen!\" \/>\n<meta name=\"robots\" content=\"index, follow, max-snippet:-1, max-image-preview:large, max-video-preview:-1\" \/>\n<link rel=\"canonical\" href=\"https:\/\/fichtelbergerblick.de\/cs\/agb\/\" \/>\n<meta property=\"og:locale\" content=\"cs_CZ\" \/>\n<meta property=\"og:type\" content=\"article\" \/>\n<meta property=\"og:title\" content=\"AGB - Fichtelberger Blick\" \/>\n<meta property=\"og:description\" content=\"Durch die Apartments Fichtelberger Blick Inh. Chemnitzer Wohnbau Projekt GmbH gelten die nachfolgenden Bedingungen. Jetzt lesen!\" \/>\n<meta property=\"og:url\" content=\"https:\/\/fichtelbergerblick.de\/cs\/agb\/\" \/>\n<meta property=\"og:site_name\" content=\"Fichtelberger Blick\" \/>\n<meta property=\"article:modified_time\" content=\"2022-09-29T14:15:28+00:00\" \/>\n<meta name=\"twitter:card\" content=\"summary_large_image\" \/>\n<meta name=\"twitter:label1\" content=\"Odhadovan\u00e1 doba \u010dten\u00ed\" \/>\n\t<meta name=\"twitter:data1\" content=\"6 minut\" \/>\n<script type=\"application\/ld+json\" class=\"yoast-schema-graph\">{\"@context\":\"https:\/\/schema.org\",\"@graph\":[{\"@type\":\"WebPage\",\"@id\":\"https:\/\/fichtelbergerblick.de\/agb\/\",\"url\":\"https:\/\/fichtelbergerblick.de\/agb\/\",\"name\":\"AGB - Fichtelberger Blick\",\"isPartOf\":{\"@id\":\"https:\/\/fichtelbergerblick.de\/#website\"},\"datePublished\":\"2022-08-12T08:06:22+00:00\",\"dateModified\":\"2022-09-29T14:15:28+00:00\",\"description\":\"Durch die Apartments Fichtelberger Blick Inh. Chemnitzer Wohnbau Projekt GmbH gelten die nachfolgenden Bedingungen. Jetzt lesen!\",\"breadcrumb\":{\"@id\":\"https:\/\/fichtelbergerblick.de\/agb\/#breadcrumb\"},\"inLanguage\":\"cs\",\"potentialAction\":[{\"@type\":\"ReadAction\",\"target\":[\"https:\/\/fichtelbergerblick.de\/agb\/\"]}]},{\"@type\":\"BreadcrumbList\",\"@id\":\"https:\/\/fichtelbergerblick.de\/agb\/#breadcrumb\",\"itemListElement\":[{\"@type\":\"ListItem\",\"position\":1,\"name\":\"Home\",\"item\":\"https:\/\/fichtelbergerblick.de\/\"},{\"@type\":\"ListItem\",\"position\":2,\"name\":\"AGB\"}]},{\"@type\":\"WebSite\",\"@id\":\"https:\/\/fichtelbergerblick.de\/#website\",\"url\":\"https:\/\/fichtelbergerblick.de\/\",\"name\":\"Fichtelberger Blick\",\"description\":\"\",\"publisher\":{\"@id\":\"https:\/\/fichtelbergerblick.de\/#organization\"},\"potentialAction\":[{\"@type\":\"SearchAction\",\"target\":{\"@type\":\"EntryPoint\",\"urlTemplate\":\"https:\/\/fichtelbergerblick.de\/?s={search_term_string}\"},\"query-input\":{\"@type\":\"PropertyValueSpecification\",\"valueRequired\":true,\"valueName\":\"search_term_string\"}}],\"inLanguage\":\"cs\"},{\"@type\":\"Organization\",\"@id\":\"https:\/\/fichtelbergerblick.de\/#organization\",\"name\":\"Fichtelberger Blick\",\"url\":\"https:\/\/fichtelbergerblick.de\/\",\"logo\":{\"@type\":\"ImageObject\",\"inLanguage\":\"cs\",\"@id\":\"https:\/\/fichtelbergerblick.de\/#\/schema\/logo\/image\/\",\"url\":\"https:\/\/fichtelbergerblick.de\/wp-content\/uploads\/2022\/08\/120_logo_bild_kl_black.png\",\"contentUrl\":\"https:\/\/fichtelbergerblick.de\/wp-content\/uploads\/2022\/08\/120_logo_bild_kl_black.png\",\"width\":182,\"height\":120,\"caption\":\"Fichtelberger Blick\"},\"image\":{\"@id\":\"https:\/\/fichtelbergerblick.de\/#\/schema\/logo\/image\/\"}}]}<\/script>\n<!-- \/ Yoast SEO plugin. -->","yoast_head_json":{"title":"AGB - Fichtelberg View","description":"Pro apartm\u00e1ny Fichtelberger Blick Inh. Chemnitzer Wohnbau Projekt GmbH plat\u00ed n\u00e1sleduj\u00edc\u00ed podm\u00ednky. \u010ct\u011bte nyn\u00ed!","robots":{"index":"index","follow":"follow","max-snippet":"max-snippet:-1","max-image-preview":"max-image-preview:large","max-video-preview":"max-video-preview:-1"},"canonical":"https:\/\/fichtelbergerblick.de\/cs\/agb\/","og_locale":"cs_CZ","og_type":"article","og_title":"AGB - Fichtelberger Blick","og_description":"Durch die Apartments Fichtelberger Blick Inh. Chemnitzer Wohnbau Projekt GmbH gelten die nachfolgenden Bedingungen. Jetzt lesen!","og_url":"https:\/\/fichtelbergerblick.de\/cs\/agb\/","og_site_name":"Fichtelberger Blick","article_modified_time":"2022-09-29T14:15:28+00:00","twitter_card":"summary_large_image","twitter_misc":{"Odhadovan\u00e1 doba \u010dten\u00ed":"6 minut"},"schema":{"@context":"https:\/\/schema.org","@graph":[{"@type":"WebPage","@id":"https:\/\/fichtelbergerblick.de\/agb\/","url":"https:\/\/fichtelbergerblick.de\/agb\/","name":"AGB - Fichtelberg View","isPartOf":{"@id":"https:\/\/fichtelbergerblick.de\/#website"},"datePublished":"2022-08-12T08:06:22+00:00","dateModified":"2022-09-29T14:15:28+00:00","description":"Pro apartm\u00e1ny Fichtelberger Blick Inh. Chemnitzer Wohnbau Projekt GmbH plat\u00ed n\u00e1sleduj\u00edc\u00ed podm\u00ednky. \u010ct\u011bte nyn\u00ed!","breadcrumb":{"@id":"https:\/\/fichtelbergerblick.de\/agb\/#breadcrumb"},"inLanguage":"cs","potentialAction":[{"@type":"ReadAction","target":["https:\/\/fichtelbergerblick.de\/agb\/"]}]},{"@type":"BreadcrumbList","@id":"https:\/\/fichtelbergerblick.de\/agb\/#breadcrumb","itemListElement":[{"@type":"ListItem","position":1,"name":"Home","item":"https:\/\/fichtelbergerblick.de\/"},{"@type":"ListItem","position":2,"name":"AGB"}]},{"@type":"WebSite","@id":"https:\/\/fichtelbergerblick.de\/#website","url":"https:\/\/fichtelbergerblick.de\/","name":"Pohled na Fichtelberg","description":"","publisher":{"@id":"https:\/\/fichtelbergerblick.de\/#organization"},"potentialAction":[{"@type":"SearchAction","target":{"@type":"EntryPoint","urlTemplate":"https:\/\/fichtelbergerblick.de\/?s={search_term_string}"},"query-input":{"@type":"PropertyValueSpecification","valueRequired":true,"valueName":"search_term_string"}}],"inLanguage":"cs"},{"@type":"Organization","@id":"https:\/\/fichtelbergerblick.de\/#organization","name":"Pohled na Fichtelberg","url":"https:\/\/fichtelbergerblick.de\/","logo":{"@type":"ImageObject","inLanguage":"cs","@id":"https:\/\/fichtelbergerblick.de\/#\/schema\/logo\/image\/","url":"https:\/\/fichtelbergerblick.de\/wp-content\/uploads\/2022\/08\/120_logo_bild_kl_black.png","contentUrl":"https:\/\/fichtelbergerblick.de\/wp-content\/uploads\/2022\/08\/120_logo_bild_kl_black.png","width":182,"height":120,"caption":"Fichtelberger Blick"},"image":{"@id":"https:\/\/fichtelbergerblick.de\/#\/schema\/logo\/image\/"}}]}},"_links":{"self":[{"href":"https:\/\/fichtelbergerblick.de\/cs\/wp-json\/wp\/v2\/pages\/9001","targetHints":{"allow":["GET"]}}],"collection":[{"href":"https:\/\/fichtelbergerblick.de\/cs\/wp-json\/wp\/v2\/pages"}],"about":[{"href":"https:\/\/fichtelbergerblick.de\/cs\/wp-json\/wp\/v2\/types\/page"}],"author":[{"embeddable":true,"href":"https:\/\/fichtelbergerblick.de\/cs\/wp-json\/wp\/v2\/users\/1"}],"replies":[{"embeddable":true,"href":"https:\/\/fichtelbergerblick.de\/cs\/wp-json\/wp\/v2\/comments?post=9001"}],"version-history":[{"count":0,"href":"https:\/\/fichtelbergerblick.de\/cs\/wp-json\/wp\/v2\/pages\/9001\/revisions"}],"wp:attachment":[{"href":"https:\/\/fichtelbergerblick.de\/cs\/wp-json\/wp\/v2\/media?parent=9001"}],"curies":[{"name":"wp","href":"https:\/\/api.w.org\/{rel}","templated":true}]}}