
{"id":2,"date":"2022-05-17T18:11:41","date_gmt":"2022-05-17T16:11:41","guid":{"rendered":"https:\/\/fichtelbergerblick.de\/?page_id=2"},"modified":"2022-05-17T18:11:41","modified_gmt":"2022-05-17T16:11:41","slug":"ukazkova-stranka","status":"publish","type":"page","link":"https:\/\/fichtelbergerblick.de\/cs\/beispiel-seite\/","title":{"rendered":"P\u0159\u00edklad str\u00e1nky"},"content":{"rendered":"<p>Toto je uk\u00e1zkov\u00e1 str\u00e1nka. Od p\u0159\u00edsp\u011bvk\u016f se li\u0161\u00ed t\u00edm, \u017ee z\u016fst\u00e1v\u00e1 v\u017edy na stejn\u00e9m m\u00edst\u011b a (u v\u011bt\u0161iny t\u00e9mat) se zobrazuje v navigaci webu. V\u011bt\u0161ina z nich za\u010d\u00edn\u00e1 otiskem, z\u00e1sadami ochrany osobn\u00edch \u00fadaj\u016f nebo str\u00e1nkou \"o n\u00e1s\", kter\u00e1 se p\u0159edstavuje potenci\u00e1ln\u00edm n\u00e1v\u0161t\u011bvn\u00edk\u016fm webov\u00fdch str\u00e1nek. Mohlo by tam b\u00fdt nap\u0159\u00edklad naps\u00e1no:<\/p>\n\n\n\n<blockquote class=\"wp-block-quote is-layout-flow wp-block-quote-is-layout-flow\"><p>Ahoj! P\u0159es den pracuji jako kur\u00fdr na kole, v noci jsem za\u010d\u00ednaj\u00edc\u00ed herec a tohle je moje webov\u00e1 str\u00e1nka. \u017diji v Berl\u00edn\u011b, m\u00e1m velk\u00e9ho psa Jacka, m\u00e1m r\u00e1da pi\u0148akol\u00e1du, ale u\u017e m\u00e9n\u011b to, \u017ee m\u011b n\u011bkdo nech\u00e1 na de\u0161ti (bez de\u0161tn\u00edku).<\/p><\/blockquote>\n\n\n\n<p>... nebo n\u011bco podobn\u00e9ho:<\/p>\n\n\n\n<blockquote class=\"wp-block-quote is-layout-flow wp-block-quote-is-layout-flow\"><p>Spole\u010dnost XYZ byla zalo\u017eena v roce 1971 a od t\u00e9 doby poskytuje ve\u0159ejnosti vysoce kvalitn\u00ed v\u00fdrobky. Spole\u010dnost ve sv\u00e9m s\u00eddle v mal\u00e9m m\u011bst\u011b zam\u011bstn\u00e1v\u00e1 v\u00edce ne\u017e 2 000 lid\u00ed a v mnoha ohledech podporuje obyvatele m\u011bsta.<\/p><\/blockquote>\n\n\n\n<p>Jako nov\u00fd u\u017eivatel WordPressu byste m\u011bli <a href=\"https:\/\/fichtelbergerblick.de\/wp-admin\/\">V\u00e1\u0161 p\u0159\u00edstrojov\u00fd panel<\/a> odstranit tuto str\u00e1nku a vytvo\u0159it nov\u00e9 str\u00e1nky a p\u0159\u00edsp\u011bvky pro v\u00e1\u0161 web. Bavte se!<\/p>\n\r\n<script><\/script>","protected":false},"excerpt":{"rendered":"<p>Dies ist eine Beispiel-Seite. Sie unterscheidet sich von Beitr\u00e4gen, da sie stets an derselben Stelle bleibt und (bei den meisten Themes) in der Website-Navigation angezeigt wird. Die meisten starten mit einem Impressum, der Datenschutzerkl\u00e4rung oder einer \u201e\u00dcber&nbsp;uns\u201c-Seite, um sich potenziellen Besuchern der Website vorzustellen. Dort k\u00f6nnte zum Beispiel stehen: Hallo! Tags\u00fcber arbeite ich als Fahrradkurier, [&hellip;]<\/p>\n","protected":false},"author":1,"featured_media":0,"parent":0,"menu_order":0,"comment_status":"closed","ping_status":"closed","template":"","meta":{"footnotes":""},"class_list":["post-2","page","type-page","status-publish","hentry"],"yoast_head":"<!-- This site is optimized with the Yoast SEO plugin v27.2 - https:\/\/yoast.com\/product\/yoast-seo-wordpress\/ -->\n<title>Beispiel-Seite - Fichtelberger Blick<\/title>\n<meta name=\"robots\" content=\"index, follow, max-snippet:-1, max-image-preview:large, max-video-preview:-1\" \/>\n<link rel=\"canonical\" href=\"https:\/\/fichtelbergerblick.de\/cs\/ukazkova-stranka\/\" \/>\n<meta property=\"og:locale\" content=\"cs_CZ\" \/>\n<meta property=\"og:type\" content=\"article\" \/>\n<meta property=\"og:title\" content=\"Beispiel-Seite - Fichtelberger Blick\" \/>\n<meta property=\"og:description\" content=\"Dies ist eine Beispiel-Seite. Sie unterscheidet sich von Beitr\u00e4gen, da sie stets an derselben Stelle bleibt und (bei den meisten Themes) in der Website-Navigation angezeigt wird. Die meisten starten mit einem Impressum, der Datenschutzerkl\u00e4rung oder einer \u201e\u00dcber&nbsp;uns\u201c-Seite, um sich potenziellen Besuchern der Website vorzustellen. Dort k\u00f6nnte zum Beispiel stehen: Hallo! Tags\u00fcber arbeite ich als Fahrradkurier, [&hellip;]\" \/>\n<meta property=\"og:url\" content=\"https:\/\/fichtelbergerblick.de\/cs\/ukazkova-stranka\/\" \/>\n<meta property=\"og:site_name\" content=\"Fichtelberger Blick\" \/>\n<meta name=\"twitter:card\" content=\"summary_large_image\" \/>\n<meta name=\"twitter:label1\" content=\"Odhadovan\u00e1 doba \u010dten\u00ed\" \/>\n\t<meta name=\"twitter:data1\" content=\"1 minuta\" \/>\n<script type=\"application\/ld+json\" class=\"yoast-schema-graph\">{\"@context\":\"https:\/\/schema.org\",\"@graph\":[{\"@type\":\"WebPage\",\"@id\":\"https:\/\/fichtelbergerblick.de\/es\/beispiel-seite\/\",\"url\":\"https:\/\/fichtelbergerblick.de\/es\/beispiel-seite\/\",\"name\":\"Beispiel-Seite - Fichtelberger Blick\",\"isPartOf\":{\"@id\":\"https:\/\/fichtelbergerblick.de\/#website\"},\"datePublished\":\"2022-05-17T16:11:41+00:00\",\"breadcrumb\":{\"@id\":\"https:\/\/fichtelbergerblick.de\/es\/beispiel-seite\/#breadcrumb\"},\"inLanguage\":\"cs\",\"potentialAction\":[{\"@type\":\"ReadAction\",\"target\":[\"https:\/\/fichtelbergerblick.de\/es\/beispiel-seite\/\"]}]},{\"@type\":\"BreadcrumbList\",\"@id\":\"https:\/\/fichtelbergerblick.de\/es\/beispiel-seite\/#breadcrumb\",\"itemListElement\":[{\"@type\":\"ListItem\",\"position\":1,\"name\":\"Home\",\"item\":\"https:\/\/fichtelbergerblick.de\/\"},{\"@type\":\"ListItem\",\"position\":2,\"name\":\"Beispiel-Seite\"}]},{\"@type\":\"WebSite\",\"@id\":\"https:\/\/fichtelbergerblick.de\/#website\",\"url\":\"https:\/\/fichtelbergerblick.de\/\",\"name\":\"Fichtelberger Blick\",\"description\":\"\",\"publisher\":{\"@id\":\"https:\/\/fichtelbergerblick.de\/#organization\"},\"potentialAction\":[{\"@type\":\"SearchAction\",\"target\":{\"@type\":\"EntryPoint\",\"urlTemplate\":\"https:\/\/fichtelbergerblick.de\/?s={search_term_string}\"},\"query-input\":{\"@type\":\"PropertyValueSpecification\",\"valueRequired\":true,\"valueName\":\"search_term_string\"}}],\"inLanguage\":\"cs\"},{\"@type\":\"Organization\",\"@id\":\"https:\/\/fichtelbergerblick.de\/#organization\",\"name\":\"Fichtelberger Blick\",\"url\":\"https:\/\/fichtelbergerblick.de\/\",\"logo\":{\"@type\":\"ImageObject\",\"inLanguage\":\"cs\",\"@id\":\"https:\/\/fichtelbergerblick.de\/#\/schema\/logo\/image\/\",\"url\":\"https:\/\/fichtelbergerblick.de\/wp-content\/uploads\/2022\/08\/120_logo_bild_kl_black.png\",\"contentUrl\":\"https:\/\/fichtelbergerblick.de\/wp-content\/uploads\/2022\/08\/120_logo_bild_kl_black.png\",\"width\":182,\"height\":120,\"caption\":\"Fichtelberger Blick\"},\"image\":{\"@id\":\"https:\/\/fichtelbergerblick.de\/#\/schema\/logo\/image\/\"}}]}<\/script>\n<!-- \/ Yoast SEO plugin. -->","yoast_head_json":{"title":"P\u0159\u00edklad str\u00e1nky - pohled z Fichtelbergu","robots":{"index":"index","follow":"follow","max-snippet":"max-snippet:-1","max-image-preview":"max-image-preview:large","max-video-preview":"max-video-preview:-1"},"canonical":"https:\/\/fichtelbergerblick.de\/cs\/ukazkova-stranka\/","og_locale":"cs_CZ","og_type":"article","og_title":"Beispiel-Seite - Fichtelberger Blick","og_description":"Dies ist eine Beispiel-Seite. Sie unterscheidet sich von Beitr\u00e4gen, da sie stets an derselben Stelle bleibt und (bei den meisten Themes) in der Website-Navigation angezeigt wird. Die meisten starten mit einem Impressum, der Datenschutzerkl\u00e4rung oder einer \u201e\u00dcber&nbsp;uns\u201c-Seite, um sich potenziellen Besuchern der Website vorzustellen. Dort k\u00f6nnte zum Beispiel stehen: Hallo! Tags\u00fcber arbeite ich als Fahrradkurier, [&hellip;]","og_url":"https:\/\/fichtelbergerblick.de\/cs\/ukazkova-stranka\/","og_site_name":"Fichtelberger Blick","twitter_card":"summary_large_image","twitter_misc":{"Odhadovan\u00e1 doba \u010dten\u00ed":"1 minuta"},"schema":{"@context":"https:\/\/schema.org","@graph":[{"@type":"WebPage","@id":"https:\/\/fichtelbergerblick.de\/es\/beispiel-seite\/","url":"https:\/\/fichtelbergerblick.de\/es\/beispiel-seite\/","name":"P\u0159\u00edklad str\u00e1nky - pohled z Fichtelbergu","isPartOf":{"@id":"https:\/\/fichtelbergerblick.de\/#website"},"datePublished":"2022-05-17T16:11:41+00:00","breadcrumb":{"@id":"https:\/\/fichtelbergerblick.de\/es\/beispiel-seite\/#breadcrumb"},"inLanguage":"cs","potentialAction":[{"@type":"ReadAction","target":["https:\/\/fichtelbergerblick.de\/es\/beispiel-seite\/"]}]},{"@type":"BreadcrumbList","@id":"https:\/\/fichtelbergerblick.de\/es\/beispiel-seite\/#breadcrumb","itemListElement":[{"@type":"ListItem","position":1,"name":"Home","item":"https:\/\/fichtelbergerblick.de\/"},{"@type":"ListItem","position":2,"name":"Beispiel-Seite"}]},{"@type":"WebSite","@id":"https:\/\/fichtelbergerblick.de\/#website","url":"https:\/\/fichtelbergerblick.de\/","name":"Pohled na Fichtelberg","description":"","publisher":{"@id":"https:\/\/fichtelbergerblick.de\/#organization"},"potentialAction":[{"@type":"SearchAction","target":{"@type":"EntryPoint","urlTemplate":"https:\/\/fichtelbergerblick.de\/?s={search_term_string}"},"query-input":{"@type":"PropertyValueSpecification","valueRequired":true,"valueName":"search_term_string"}}],"inLanguage":"cs"},{"@type":"Organization","@id":"https:\/\/fichtelbergerblick.de\/#organization","name":"Pohled na Fichtelberg","url":"https:\/\/fichtelbergerblick.de\/","logo":{"@type":"ImageObject","inLanguage":"cs","@id":"https:\/\/fichtelbergerblick.de\/#\/schema\/logo\/image\/","url":"https:\/\/fichtelbergerblick.de\/wp-content\/uploads\/2022\/08\/120_logo_bild_kl_black.png","contentUrl":"https:\/\/fichtelbergerblick.de\/wp-content\/uploads\/2022\/08\/120_logo_bild_kl_black.png","width":182,"height":120,"caption":"Fichtelberger Blick"},"image":{"@id":"https:\/\/fichtelbergerblick.de\/#\/schema\/logo\/image\/"}}]}},"_links":{"self":[{"href":"https:\/\/fichtelbergerblick.de\/cs\/wp-json\/wp\/v2\/pages\/2","targetHints":{"allow":["GET"]}}],"collection":[{"href":"https:\/\/fichtelbergerblick.de\/cs\/wp-json\/wp\/v2\/pages"}],"about":[{"href":"https:\/\/fichtelbergerblick.de\/cs\/wp-json\/wp\/v2\/types\/page"}],"author":[{"embeddable":true,"href":"https:\/\/fichtelbergerblick.de\/cs\/wp-json\/wp\/v2\/users\/1"}],"replies":[{"embeddable":true,"href":"https:\/\/fichtelbergerblick.de\/cs\/wp-json\/wp\/v2\/comments?post=2"}],"version-history":[{"count":0,"href":"https:\/\/fichtelbergerblick.de\/cs\/wp-json\/wp\/v2\/pages\/2\/revisions"}],"wp:attachment":[{"href":"https:\/\/fichtelbergerblick.de\/cs\/wp-json\/wp\/v2\/media?parent=2"}],"curies":[{"name":"wp","href":"https:\/\/api.w.org\/{rel}","templated":true}]}}